{"id":13,"date":"2021-08-02T11:11:32","date_gmt":"2021-08-02T11:11:32","guid":{"rendered":"https:\/\/beyondbelief-art.com\/?page_id=13"},"modified":"2021-11-17T11:45:45","modified_gmt":"2021-11-17T11:45:45","slug":"about","status":"publish","type":"page","link":"https:\/\/beyondbelief-art.com\/en\/about\/","title":{"rendered":"About"},"content":{"rendered":"<p>[et_pb_section fb_built=&#8220;1&#8243; _builder_version=&#8220;4.10.2&#8243; _module_preset=&#8220;default&#8220; background_color=&#8220;RGBA(0,0,0,0)&#8220; global_colors_info=&#8220;{}&#8220; theme_builder_area=&#8220;post_content&#8220;][et_pb_row column_structure=&#8220;2_5,3_5&#8243; _builder_version=&#8220;4.10.4&#8243; _module_preset=&#8220;default&#8220; width=&#8220;100%&#8220; module_alignment=&#8220;center&#8220; custom_margin=&#8220;-44px|auto||auto|false|false&#8220; custom_padding=&#8220;|||0px||&#8220; global_colors_info=&#8220;{}&#8220; theme_builder_area=&#8220;post_content&#8220;][et_pb_column type=&#8220;2_5&#8243; _builder_version=&#8220;4.10.2&#8243; _module_preset=&#8220;default&#8220; global_colors_info=&#8220;{}&#8220; theme_builder_area=&#8220;post_content&#8220;][et_pb_image src=&#8220;https:\/\/beyondbelief-art.com\/wp-content\/uploads\/2021\/08\/Enrico-Pietracci_1000_96.jpg&#8220; title_text=&#8220;Enrico Pietracci&#8220; show_bottom_space_tablet=&#8220;&#8220; show_bottom_space_phone=&#8220;&#8220; show_bottom_space_last_edited=&#8220;on|phone&#8220; _builder_version=&#8220;4.10.4&#8243; _module_preset=&#8220;default&#8220; width=&#8220;99%&#8220; module_alignment=&#8220;left&#8220; custom_margin=&#8220;|||0px|false|false&#8220; global_colors_info=&#8220;{}&#8220; theme_builder_area=&#8220;post_content&#8220;][\/et_pb_image][\/et_pb_column][et_pb_column type=&#8220;3_5&#8243; _builder_version=&#8220;4.10.2&#8243; _module_preset=&#8220;default&#8220; global_colors_info=&#8220;{}&#8220; theme_builder_area=&#8220;post_content&#8220;][et_pb_text _builder_version=&#8220;4.11.3&#8243; _module_preset=&#8220;default&#8220; text_text_color=&#8220;#FFFFFF&#8220; header_2_font=&#8220;Libre Baskerville||on||||||&#8220; header_2_text_color=&#8220;#FFFFFF&#8220; width=&#8220;100%&#8220; custom_margin=&#8220;58px|||-16px|false|false&#8220; custom_margin_tablet=&#8220;&#8220; custom_margin_phone=&#8220;0px|||0px|false|false&#8220; custom_margin_last_edited=&#8220;on|phone&#8220; custom_padding=&#8220;|1px||||&#8220; global_colors_info=&#8220;{}&#8220; theme_builder_area=&#8220;post_content&#8220;]<\/p>\n<h2 style=\"text-align: left;\"><span style=\"font-size: xx-large;\">Beyond Belief<\/span><\/h2>\n<p style=\"text-align: left;\">18. September &#8211; 21. November 2021<\/p>\n<p style=\"text-align: left;\"><span style=\"font-size: x-large;\">HAUS KUNST MITTE, Berlin<\/span><\/p>\n<p style=\"text-align: left;\"><span class=\"JsGRdQ\"><span>44 K\u00fcnstler:innen aus 17 L\u00e4ndern<\/span><span> fragen, was Spiritualit\u00e4t \u00fcber den Glauben hinaus heute bedeutet. Auf 500qm zeigen die Bilder, Skulpturen, Fotografien und Installationen eine sinnliche, kritische oder interaktive k\u00fcnstlerische Auseinandersetzung mit den Formen <\/span><span>zeitgen\u00f6ssischer und fr\u00fcherer Wellen der Spiritualit\u00e4t.<\/span><\/span><\/p>\n<p style=\"text-align: left;\">kuratiert von Britta Adler<\/p>\n<p>[\/et_pb_text][\/et_pb_column][\/et_pb_row][et_pb_row _builder_version=&#8220;4.10.8&#8243; _module_preset=&#8220;default&#8220; width=&#8220;100%&#8220; global_colors_info=&#8220;{}&#8220; theme_builder_area=&#8220;post_content&#8220;][et_pb_column type=&#8220;4_4&#8243; _builder_version=&#8220;4.10.8&#8243; _module_preset=&#8220;default&#8220; global_colors_info=&#8220;{}&#8220; theme_builder_area=&#8220;post_content&#8220;][et_pb_text _builder_version=&#8220;4.10.8&#8243; _module_preset=&#8220;default&#8220; text_font=&#8220;Montserrat||||||||&#8220; text_text_color=&#8220;#000000&#8243; width=&#8220;100%&#8220; global_colors_info=&#8220;{}&#8220; theme_builder_area=&#8220;post_content&#8220;]<\/p>\n<p><span>\u00d6ffnungszeiten:<\/span><b><span><\/span><\/b><\/p>\n<p dir=\"ltr\" role=\"presentation\"><b><span>Donnerstag:\u00a0 <\/span><\/b>17:00 &#8211; 18:30 Uhr Kuratorische F\u00fchrung<b><span><br \/><\/span><\/b><b><span>Freitag:\u00a0 \u00a0 \u00a0 \u00a0 \u00a0 <\/span><\/b>\u00a015:00 &#8211; 19:00 Uhr<b><span><br \/>Samstag:\u00a0 \u00a0 \u00a0 \u00a0 <\/span><\/b>15:00 &#8211; 19:00 Uhr<b><span><br \/><\/span><\/b><b><span>Sonntag:\u00a0 \u00a0 \u00a0 \u00a0 <\/span><\/b>\u00a012:00 &#8211; 18:00 Uhr<b><span><br \/><\/span><\/b>Und nach Vereinbarung<b><span><\/span><\/b><\/p>\n<p dir=\"ltr\" role=\"presentation\"><span>Zur Deckung der Unkosten der Ausstellung erheben wir <\/span><b><span>Eintritt: 7 \u20ac (5 \u20ac erm\u00e4\u00dfigt) <\/span><\/b><\/p>\n<p dir=\"ltr\" role=\"presentation\"><b><span>Corona Regeln: 2<\/span><\/b><b><span>G <br \/><\/span><\/b><span>Einlass nur, wenn Sie <b>G<\/b>eimpft oder <b>G<\/b>enesen<\/span><span>\u00a0sind.<\/span><\/p>\n<p dir=\"ltr\" role=\"presentation\"><span><b>Maske <\/b>tragen, <b>Abstand <\/b>halten (= maximal 50 Menschen gleichzeitig in der Ausstellung)<\/span><\/p>\n<p dir=\"ltr\" role=\"presentation\"><span><\/span><span>Zur Nachverfolgung (falls ein\/e Besucher:in Corona hatte) erheben wir Ihre Kontaktdaten, die nach 2 Wochen gel\u00f6scht werden. <\/span><\/p>\n<p>[\/et_pb_text][\/et_pb_column][\/et_pb_row][\/et_pb_section][et_pb_section fb_built=&#8220;1&#8243; _builder_version=&#8220;4.10.1&#8243; _module_preset=&#8220;default&#8220; background_color=&#8220;rgba(255,255,255,0.18)&#8220; background_enable_image=&#8220;off&#8220; background_blend=&#8220;difference&#8220; global_colors_info=&#8220;{}&#8220; theme_builder_area=&#8220;post_content&#8220;][et_pb_row _builder_version=&#8220;4.9.10&#8243; _module_preset=&#8220;default&#8220; global_colors_info=&#8220;{}&#8220; theme_builder_area=&#8220;post_content&#8220;][et_pb_column type=&#8220;4_4&#8243; _builder_version=&#8220;4.9.10&#8243; _module_preset=&#8220;default&#8220; global_colors_info=&#8220;{}&#8220; theme_builder_area=&#8220;post_content&#8220;][et_pb_text _builder_version=&#8220;4.10.6&#8243; _module_preset=&#8220;default&#8220; text_font=&#8220;Montserrat||||||||&#8220; text_text_color=&#8220;#FFFFFF&#8220; header_3_font=&#8220;Libre Baskerville||on||||||&#8220; header_3_text_color=&#8220;#000000&#8243; header_4_font=&#8220;Libre Baskerville||on||||||&#8220; header_4_text_color=&#8220;#000000&#8243; text_orientation=&#8220;justified&#8220; text_text_shadow_style=&#8220;preset2&#8243; text_text_shadow_blur_strength=&#8220;1.09em&#8220; global_colors_info=&#8220;{}&#8220; theme_builder_area=&#8220;post_content&#8220;]<\/p>\n<p style=\"text-align: justify;\"><span style=\"font-size: large; color: #0a0a0a;\">Kuratorisches Konzept:<\/span><\/p>\n<h4><span class=\"JsGRdQ\">Spiritualit\u00e4t boomt<\/span><\/h4>\n<p><span class=\"JsGRdQ\">Neue Spiritualit\u00e4t &#8211; ein Ph\u00e4nomen, das sich in den letzten Jahren einen rasanten Boom erlebt: Achtsamkeit, Astrologie, oder Yoga und Tarot&#8230;. Dieser wachsende Trend ist in vielen Kulturen zu beobachten: Millenials auf der ganzen Welt nutzen die gleichen Astrologie-Apps und &#8222;spirituell, aber nicht religi\u00f6s&#8220; ist hochgradig instagramf\u00e4hig. Aber wie neu ist diese &#8222;neue&#8220; Spiritualit\u00e4t eigentlich?<span class=\"JsGRdQ white-space-prewrap\"> <\/span><\/span><\/p>\n<p><span class=\"JsGRdQ\"><\/span><\/p>\n<h4><span class=\"JsGRdQ\"><span class=\"JsGRdQ white-space-prewrap\">Metamorphose der Spiritualit\u00e4t<\/span><\/span><\/h4>\n<p><span class=\"JsGRdQ\">Es gab viele Wellen \u00f6stlicher Spiritualit\u00e4t, die in andere Kulturen \u00fcberschwappten.<\/span><span class=\"JsGRdQ white-space-prewrap\"><\/span><span class=\"JsGRdQ\">Diese Ausstellung zeigt Werke aus fr\u00fcheren Wellen der Spiritualit\u00e4t, wie Beuys, Tapies, Baselitz und Mary Bauermeister, neben zeitgen\u00f6ssischen Arbeiten mit dem Fokus auf die Metamorphose von traditionellen monotheistischen Glaubenssystemen zu heutigen Manifestationen von (neuer) Spiritualit\u00e4t. Neu ist dabei, dass die spirituellen Sichtweisen und Praktiken Einzug gefunden haben im Alltagsleben, Sport, Psychologie, Wellness und sogar Business. Wie wirkt sich das auf unser Zusammenleben aus?<\/span><\/p>\n<p><span class=\"JsGRdQ\"><span class=\"JsGRdQ white-space-prewrap\"><\/span><\/span><\/p>\n<h4><span class=\"JsGRdQ\">Gesellschaftliche Auswirkungen<\/span><\/h4>\n<p><span class=\"JsGRdQ\">Der gesellschaftliche Wandel wurde oft von den Gl\u00e4ubigen vorangetrieben. Was hat es damit heute auf sich? Ist Spiritualit\u00e4t nur noch eine pers\u00f6nliche Angelegenheit f\u00fcr die eigene Wellness? Oder treiben vegane Yogis notwendige Ver\u00e4nderungen f\u00fcr die Umwelt voran? Neue Trends in der Wirtschaft, wie ganzheitliche, nicht-hierarchisches New Work, spiegeln sich in der neuen Spiritualit\u00e4t wider und umgekehrt. Andererseits ist spirituelles Wohlbefinden ein verkaufbares Produkt mit steigendem Marktwert. Ist das eine gef\u00e4hrliche T\u00e4uschung oder Ausdruck einer aufrichtigen Sehnsucht nach seelischen Erfahrungen in einer religi\u00f6sen Leere? Ist es nur Modetrend oder gr\u00f6\u00dfer?<\/span><\/p>\n<p><span class=\"JsGRdQ\"><span class=\"JsGRdQ white-space-prewrap\"><\/span><\/span><\/p>\n<h4><span class=\"JsGRdQ\">Beyond Belief: Gespr\u00e4ch \u00fcber das Verbindende zwischen den Religionen<\/span><\/h4>\n<p><span class=\"JsGRdQ\"><span>Ist der Trend der neuen Spiritualit\u00e4t evtl. sogar eine Chance, weg von Abgrenzung und <\/span><span>Polarisation hin zu Begegnung und <\/span><span>mehr Frieden?<\/span><\/span><\/p>\n<p>[\/et_pb_text][\/et_pb_column][\/et_pb_row][\/et_pb_section]<\/p>\n","protected":false},"excerpt":{"rendered":"<p>Beyond Belief 18. September &#8211; 21. November 2021 HAUS KUNST MITTE, Berlin 44 K\u00fcnstler:innen aus 17 L\u00e4ndern fragen, was Spiritualit\u00e4t \u00fcber den Glauben hinaus heute bedeutet. Auf 500qm zeigen die Bilder, Skulpturen, Fotografien und Installationen eine sinnliche, kritische oder interaktive k\u00fcnstlerische Auseinandersetzung mit den Formen zeitgen\u00f6ssischer und fr\u00fcherer Wellen der Spiritualit\u00e4t. kuratiert von Britta Adler\u00d6ffnungszeiten: [&hellip;]<\/p>\n","protected":false},"author":1,"featured_media":0,"parent":0,"menu_order":0,"comment_status":"closed","ping_status":"closed","template":"","meta":{"_et_pb_use_builder":"on","_et_pb_old_content":"<!-- wp:divi\/placeholder \/-->","_et_gb_content_width":"","footnotes":""},"class_list":["post-13","page","type-page","status-publish","hentry"],"yoast_head":"<!-- This site is optimized with the Yoast SEO plugin v27.4 - https:\/\/yoast.com\/product\/yoast-seo-wordpress\/ -->\n<title>About - beyondbelief-art.com<\/title>\n<meta name=\"description\" content=\"Gruppenausstellung zum Thema Neue Spiritualit\u00e4t. 44 K\u00fcnstler:innen aus 17 L\u00e4ndern fragen, was Spiritualit\u00e4t \u00fcber den Glauben hinaus heute bedeutet.\" \/>\n<meta name=\"robots\" content=\"index, follow, max-snippet:-1, max-image-preview:large, max-video-preview:-1\" \/>\n<link rel=\"canonical\" href=\"https:\/\/beyondbelief-art.com\/en\/about\/\" \/>\n<meta property=\"og:locale\" content=\"en_GB\" \/>\n<meta property=\"og:type\" content=\"article\" \/>\n<meta property=\"og:title\" content=\"About - beyondbelief-art.com\" \/>\n<meta property=\"og:description\" content=\"Gruppenausstellung zum Thema Neue Spiritualit\u00e4t. 44 K\u00fcnstler:innen aus 17 L\u00e4ndern fragen, was Spiritualit\u00e4t \u00fcber den Glauben hinaus heute bedeutet.\" \/>\n<meta property=\"og:url\" content=\"https:\/\/beyondbelief-art.com\/en\/about\/\" \/>\n<meta property=\"og:site_name\" content=\"beyondbelief-art.com\" \/>\n<meta property=\"article:modified_time\" content=\"2021-11-17T11:45:45+00:00\" \/>\n<meta name=\"twitter:card\" content=\"summary_large_image\" \/>\n<meta name=\"twitter:label1\" content=\"Estimated reading time\" \/>\n\t<meta name=\"twitter:data1\" content=\"2 minutes\" \/>\n<script type=\"application\/ld+json\" class=\"yoast-schema-graph\">{\"@context\":\"https:\\\/\\\/schema.org\",\"@graph\":[{\"@type\":\"WebPage\",\"@id\":\"https:\\\/\\\/beyondbelief-art.com\\\/about\\\/\",\"url\":\"https:\\\/\\\/beyondbelief-art.com\\\/about\\\/\",\"name\":\"About - beyondbelief-art.com\",\"isPartOf\":{\"@id\":\"https:\\\/\\\/beyondbelief-art.com\\\/#website\"},\"datePublished\":\"2021-08-02T11:11:32+00:00\",\"dateModified\":\"2021-11-17T11:45:45+00:00\",\"description\":\"Gruppenausstellung zum Thema Neue Spiritualit\u00e4t. 44 K\u00fcnstler:innen aus 17 L\u00e4ndern fragen, was Spiritualit\u00e4t \u00fcber den Glauben hinaus heute bedeutet.\",\"breadcrumb\":{\"@id\":\"https:\\\/\\\/beyondbelief-art.com\\\/about\\\/#breadcrumb\"},\"inLanguage\":\"en-GB\",\"potentialAction\":[{\"@type\":\"ReadAction\",\"target\":[\"https:\\\/\\\/beyondbelief-art.com\\\/about\\\/\"]}]},{\"@type\":\"BreadcrumbList\",\"@id\":\"https:\\\/\\\/beyondbelief-art.com\\\/about\\\/#breadcrumb\",\"itemListElement\":[{\"@type\":\"ListItem\",\"position\":1,\"name\":\"Home\",\"item\":\"https:\\\/\\\/beyondbelief-art.com\\\/\"},{\"@type\":\"ListItem\",\"position\":2,\"name\":\"About\"}]},{\"@type\":\"WebSite\",\"@id\":\"https:\\\/\\\/beyondbelief-art.com\\\/#website\",\"url\":\"https:\\\/\\\/beyondbelief-art.com\\\/\",\"name\":\"beyondbelief-art.com\",\"description\":\"Gruppenausstellung zum Thema Neue Spiritualit\u00e4t\",\"publisher\":{\"@id\":\"https:\\\/\\\/beyondbelief-art.com\\\/#organization\"},\"potentialAction\":[{\"@type\":\"SearchAction\",\"target\":{\"@type\":\"EntryPoint\",\"urlTemplate\":\"https:\\\/\\\/beyondbelief-art.com\\\/?s={search_term_string}\"},\"query-input\":{\"@type\":\"PropertyValueSpecification\",\"valueRequired\":true,\"valueName\":\"search_term_string\"}}],\"inLanguage\":\"en-GB\"},{\"@type\":\"Organization\",\"@id\":\"https:\\\/\\\/beyondbelief-art.com\\\/#organization\",\"name\":\"Beyond Belief\",\"url\":\"https:\\\/\\\/beyondbelief-art.com\\\/\",\"logo\":{\"@type\":\"ImageObject\",\"inLanguage\":\"en-GB\",\"@id\":\"https:\\\/\\\/beyondbelief-art.com\\\/#\\\/schema\\\/logo\\\/image\\\/\",\"url\":\"https:\\\/\\\/beyondbelief-art.com\\\/wp-content\\\/uploads\\\/2021\\\/08\\\/cropped-Beyond-Belief-1.png\",\"contentUrl\":\"https:\\\/\\\/beyondbelief-art.com\\\/wp-content\\\/uploads\\\/2021\\\/08\\\/cropped-Beyond-Belief-1.png\",\"width\":512,\"height\":512,\"caption\":\"Beyond Belief\"},\"image\":{\"@id\":\"https:\\\/\\\/beyondbelief-art.com\\\/#\\\/schema\\\/logo\\\/image\\\/\"},\"sameAs\":[\"https:\\\/\\\/www.instagram.com\\\/artist.evolver\\\/\"]}]}<\/script>\n<!-- \/ Yoast SEO plugin. -->","yoast_head_json":{"title":"About - beyondbelief-art.com","description":"Gruppenausstellung zum Thema Neue Spiritualit\u00e4t. 44 K\u00fcnstler:innen aus 17 L\u00e4ndern fragen, was Spiritualit\u00e4t \u00fcber den Glauben hinaus heute bedeutet.","robots":{"index":"index","follow":"follow","max-snippet":"max-snippet:-1","max-image-preview":"max-image-preview:large","max-video-preview":"max-video-preview:-1"},"canonical":"https:\/\/beyondbelief-art.com\/en\/about\/","og_locale":"en_GB","og_type":"article","og_title":"About - beyondbelief-art.com","og_description":"Gruppenausstellung zum Thema Neue Spiritualit\u00e4t. 44 K\u00fcnstler:innen aus 17 L\u00e4ndern fragen, was Spiritualit\u00e4t \u00fcber den Glauben hinaus heute bedeutet.","og_url":"https:\/\/beyondbelief-art.com\/en\/about\/","og_site_name":"beyondbelief-art.com","article_modified_time":"2021-11-17T11:45:45+00:00","twitter_card":"summary_large_image","twitter_misc":{"Estimated reading time":"2 minutes"},"schema":{"@context":"https:\/\/schema.org","@graph":[{"@type":"WebPage","@id":"https:\/\/beyondbelief-art.com\/about\/","url":"https:\/\/beyondbelief-art.com\/about\/","name":"About - beyondbelief-art.com","isPartOf":{"@id":"https:\/\/beyondbelief-art.com\/#website"},"datePublished":"2021-08-02T11:11:32+00:00","dateModified":"2021-11-17T11:45:45+00:00","description":"Gruppenausstellung zum Thema Neue Spiritualit\u00e4t. 44 K\u00fcnstler:innen aus 17 L\u00e4ndern fragen, was Spiritualit\u00e4t \u00fcber den Glauben hinaus heute bedeutet.","breadcrumb":{"@id":"https:\/\/beyondbelief-art.com\/about\/#breadcrumb"},"inLanguage":"en-GB","potentialAction":[{"@type":"ReadAction","target":["https:\/\/beyondbelief-art.com\/about\/"]}]},{"@type":"BreadcrumbList","@id":"https:\/\/beyondbelief-art.com\/about\/#breadcrumb","itemListElement":[{"@type":"ListItem","position":1,"name":"Home","item":"https:\/\/beyondbelief-art.com\/"},{"@type":"ListItem","position":2,"name":"About"}]},{"@type":"WebSite","@id":"https:\/\/beyondbelief-art.com\/#website","url":"https:\/\/beyondbelief-art.com\/","name":"beyondbelief-art.com","description":"Gruppenausstellung zum Thema Neue Spiritualit\u00e4t","publisher":{"@id":"https:\/\/beyondbelief-art.com\/#organization"},"potentialAction":[{"@type":"SearchAction","target":{"@type":"EntryPoint","urlTemplate":"https:\/\/beyondbelief-art.com\/?s={search_term_string}"},"query-input":{"@type":"PropertyValueSpecification","valueRequired":true,"valueName":"search_term_string"}}],"inLanguage":"en-GB"},{"@type":"Organization","@id":"https:\/\/beyondbelief-art.com\/#organization","name":"Beyond Belief","url":"https:\/\/beyondbelief-art.com\/","logo":{"@type":"ImageObject","inLanguage":"en-GB","@id":"https:\/\/beyondbelief-art.com\/#\/schema\/logo\/image\/","url":"https:\/\/beyondbelief-art.com\/wp-content\/uploads\/2021\/08\/cropped-Beyond-Belief-1.png","contentUrl":"https:\/\/beyondbelief-art.com\/wp-content\/uploads\/2021\/08\/cropped-Beyond-Belief-1.png","width":512,"height":512,"caption":"Beyond Belief"},"image":{"@id":"https:\/\/beyondbelief-art.com\/#\/schema\/logo\/image\/"},"sameAs":["https:\/\/www.instagram.com\/artist.evolver\/"]}]}},"_links":{"self":[{"href":"https:\/\/beyondbelief-art.com\/en\/wp-json\/wp\/v2\/pages\/13","targetHints":{"allow":["GET"]}}],"collection":[{"href":"https:\/\/beyondbelief-art.com\/en\/wp-json\/wp\/v2\/pages"}],"about":[{"href":"https:\/\/beyondbelief-art.com\/en\/wp-json\/wp\/v2\/types\/page"}],"author":[{"embeddable":true,"href":"https:\/\/beyondbelief-art.com\/en\/wp-json\/wp\/v2\/users\/1"}],"replies":[{"embeddable":true,"href":"https:\/\/beyondbelief-art.com\/en\/wp-json\/wp\/v2\/comments?post=13"}],"version-history":[{"count":10,"href":"https:\/\/beyondbelief-art.com\/en\/wp-json\/wp\/v2\/pages\/13\/revisions"}],"predecessor-version":[{"id":1781,"href":"https:\/\/beyondbelief-art.com\/en\/wp-json\/wp\/v2\/pages\/13\/revisions\/1781"}],"wp:attachment":[{"href":"https:\/\/beyondbelief-art.com\/en\/wp-json\/wp\/v2\/media?parent=13"}],"curies":[{"name":"wp","href":"https:\/\/api.w.org\/{rel}","templated":true}]}}