{"id":17,"date":"2021-08-02T11:12:32","date_gmt":"2021-08-02T11:12:32","guid":{"rendered":"https:\/\/beyondbelief-art.com\/?page_id=17"},"modified":"2021-09-10T13:23:53","modified_gmt":"2021-09-10T13:23:53","slug":"artists","status":"publish","type":"page","link":"https:\/\/beyondbelief-art.com\/en\/artists\/","title":{"rendered":"Artists"},"content":{"rendered":"\n[et_pb_section fb_built=&#8220;1&#8243; _builder_version=&#8220;4.10.4&#8243; _module_preset=&#8220;default&#8220; background_color=&#8220;RGBA(0,0,0,0)&#8220; custom_padding=&#8220;|1px|76px|||&#8220; global_colors_info=&#8220;{}&#8220;][et_pb_row _builder_version=&#8220;4.9.10&#8243; _module_preset=&#8220;default&#8220; width=&#8220;100%&#8220; global_colors_info=&#8220;{}&#8220;][et_pb_column type=&#8220;4_4&#8243; _builder_version=&#8220;4.9.10&#8243; _module_preset=&#8220;default&#8220; global_colors_info=&#8220;{}&#8220;][et_pb_gallery gallery_ids=&#8220;539,261,1182,1214,1183,1181,1135,1099&#8243; posts_number=&#8220;20&#8243; _builder_version=&#8220;4.10.6&#8243; _module_preset=&#8220;default&#8220; title_font=&#8220;Montserrat||||||||&#8220; title_text_color=&#8220;#000000&#8243; title_font_size=&#8220;16px&#8220; caption_font=&#8220;Montserrat||||||||&#8220; background_color=&#8220;RGBA(0,0,0,0)&#8220; width=&#8220;100%&#8220; max_width=&#8220;100%&#8220; global_colors_info=&#8220;{}&#8220;][\/et_pb_gallery][\/et_pb_column][\/et_pb_row][et_pb_row _builder_version=&#8220;4.9.10&#8243; _module_preset=&#8220;default&#8220; width=&#8220;100%&#8220; global_colors_info=&#8220;{}&#8220;][et_pb_column type=&#8220;4_4&#8243; _builder_version=&#8220;4.9.10&#8243; _module_preset=&#8220;default&#8220; global_colors_info=&#8220;{}&#8220;][et_pb_text _builder_version=&#8220;4.10.4&#8243; _module_preset=&#8220;default&#8220; text_font=&#8220;Montserrat||||||||&#8220; text_text_color=&#8220;#000000&#8243; text_font_size=&#8220;15px&#8220; text_line_height=&#8220;2.5em&#8220; text_text_shadow_style=&#8220;preset3&#8243; text_text_shadow_horizontal_length=&#8220;-0.04em&#8220; text_text_shadow_blur_strength=&#8220;0.4em&#8220; global_colors_info=&#8220;{}&#8220;]<p class=\"_04xlpA direction-ltr align-start para-style-body\" style=\"text-align: justify;\"><span class=\"JsGRdQ\" style=\"font-size: large;\">Sarah Abu Abdallah (KSA) <\/span><span class=\"JsGRdQ\" style=\"color: #d6d6d6;\">Lara Azul (DE) <\/span><span style=\"font-size: x-large;\"><span class=\"JsGRdQ\">Georg Baselitz<\/span><span class=\"JsGRdQ\"> (DE) <span style=\"color: #d6d6d6;\">Mary Bauermeister (DE)<\/span><\/span><\/span><span class=\"JsGRdQ\" style=\"color: #0a0a0a;\">\u00a0Orit Bertini Shavit (ISR) <\/span><span style=\"font-size: x-large;\"><span style=\"color: #0a0a0a;\"><span class=\"JsGRdQ\" style=\"color: #d6d6d6;\">Joseph Beuys <\/span><span class=\"JsGRdQ\"><span style=\"color: #d6d6d6;\">(DE)<\/span> <span class=\"JsGRdQ\" style=\"color: #0a0a0a; font-size: medium;\">Steffen Blunk (D) <\/span><\/span><\/span><span style=\"color: #d6d6d6;\"><span class=\"JsGRdQ\" style=\"font-size: large;\">Zoulikha Bouabdellah <\/span><span class=\"JsGRdQ\"><span style=\"font-size: large;\">(DZ\/FR)<\/span> <span style=\"color: #0a0a0a;\">Georges Braque (FR) <\/span><\/span><\/span><\/span><span class=\"JsGRdQ\" style=\"color: #d6d6d6; font-size: large;\">A. Carmi &amp; M. Heiman (ISR) <\/span><span class=\"JsGRdQ\" style=\"color: #d6d6d6;\"><span style=\"color: #0a0a0a;\">Amrita Dhillon (IND)<\/span> Eyal Dinar (DE\/ISR) <\/span><span class=\"JsGRdQ\"><span style=\"color: #0a0a0a;\">Norma Drimmer (DE)<\/span> <span style=\"color: #d6d6d6;\">Edelweiss F\u00f6rbundet Stockholm (SE) <\/span><span style=\"color: #0a0a0a; font-size: large;\">Joachim Elzmann (DE)<\/span><span style=\"color: #0a0a0a;\"> <\/span><\/span><span class=\"JsGRdQ\" style=\"color: #d6d6d6;\">Mikhal Gamzou (DE\/ISR) <span style=\"color: #0a0a0a;\">GODsDOGs (DE)<\/span> <span style=\"font-size: large;\">Kerstin Grimm (DE)<\/span> <span style=\"color: #0a0a0a;\">Hassan Hashemi (IRN)<\/span> Jacqueline Heer (CH\/USA) <span style=\"color: #0a0a0a;\">Halina Hildebrand (DE\/ISR)<\/span> <span style=\"font-size: large;\">Aisha Juma (AE) <\/span><span style=\"color: #0a0a0a;\">Thomas Klingenstein (DE) <span style=\"color: #d6d6d6;\">Susanne Krai\u00dfer (DE)<\/span><\/span><\/span><span style=\"font-size: large; color: #d6d6d6;\"><span class=\"JsGRdQ\">\u00a0<\/span><\/span><span class=\"JsGRdQ\" style=\"color: #0a0a0a; font-size: large;\">Miriam Lenk (D) <\/span><span class=\"JsGRdQ\" style=\"color: #d6d6d6;\">Sadie Lune (USA) <span style=\"font-size: x-large; color: #0a0a0a;\">Rune Mields (DE)<\/span> Cesare Mirabella (IT) <span style=\"color: #0a0a0a;\">Gabriele Oelschl\u00e4ger (DE) <\/span><\/span><span class=\"JsGRdQ\"><span style=\"color: #d6d6d6;\">Adi Oz-Ari (ISR)<\/span>\u00a0<\/span><span class=\"JsGRdQ\" style=\"color: #d6d6d6;\"><span style=\"color: #0a0a0a;\"> R\u00fcdiger Pelikan (DE)<\/span> Enrico Pietracci (IT) <span style=\"color: #0a0a0a;\">Richard Rabensaat (DE)<\/span> Cornelia Rapp (DE) <\/span><span style=\"font-size: x-large;\"><span style=\"color: #d6d6d6;\"><span style=\"color: #0a0a0a;\"><span style=\"font-size: large;\"><span class=\"JsGRdQ\">Cornelia Renz <\/span><span class=\"JsGRdQ\">(DE) <\/span><\/span><span style=\"color: #d6d6d6;\"><span class=\"JsGRdQ\">Pipilotti Rist<\/span><span class=\"JsGRdQ\"> (CH)<span style=\"font-size: medium; color: #0a0a0a;\">\u00a0R\u00f6mer + R\u00f6mer (DE) <\/span><\/span><span class=\"JsGRdQ\">Fatma Shanan <\/span><span class=\"JsGRdQ\">(ISR) <\/span><\/span><\/span><\/span><\/span><span class=\"JsGRdQ\" style=\"color: #0a0a0a;\">Semra Sevin (DE\/TUR) <\/span><span style=\"font-size: x-large; color: #d6d6d6;\"><span class=\"JsGRdQ\">Antoni T\u00e0pies <\/span><span class=\"JsGRdQ\">(ES) <\/span><\/span><span class=\"JsGRdQ\" style=\"color: #d6d6d6;\"><span style=\"color: #0a0a0a;\">Saralisa Volm (DE)<\/span> <span style=\"font-size: x-large;\"><span class=\"JsGRdQ\"><span style=\"font-size: medium;\">Monica von Rosen (SE\/CH) <\/span><\/span><\/span><\/span><span class=\"JsGRdQ\"><span style=\"color: #0a0a0a;\">Peter Wilde (CAN)<\/span> <span style=\"font-size: medium; color: #d6d6d6;\">Beatrijs Wind (NL) <\/span><\/span><span class=\"JsGRdQ\" style=\"color: #0a0a0a;\">Avital Yomdin (ISR)<\/span><\/p>\n<p class=\"_04xlpA direction-ltr align-start para-style-body\"><\/p>[\/et_pb_text][et_pb_gallery gallery_ids=&#8220;541,259,537,1213,262,538,535,1203,1098,534,1179,1180&#8243; posts_number=&#8220;20&#8243; _builder_version=&#8220;4.10.6&#8243; _module_preset=&#8220;default&#8220; title_font=&#8220;Montserrat||||||||&#8220; title_text_color=&#8220;#000000&#8243; title_font_size=&#8220;16px&#8220; caption_font=&#8220;Montserrat||||||||&#8220; background_color=&#8220;RGBA(0,0,0,0)&#8220; width=&#8220;100%&#8220; max_width=&#8220;100%&#8220; global_colors_info=&#8220;{}&#8220;][\/et_pb_gallery][\/et_pb_column][\/et_pb_row][\/et_pb_section]\n","protected":false},"excerpt":{"rendered":"<p>Sarah Abu Abdallah (KSA) Lara Azul (DE) Georg Baselitz (DE) Mary Bauermeister (DE)\u00a0Orit Bertini Shavit (ISR) Joseph Beuys (DE) Steffen Blunk (D) Zoulikha Bouabdellah (DZ\/FR) Georges Braque (FR) A. Carmi &amp; M. Heiman (ISR) Amrita Dhillon (IND) Eyal Dinar (DE\/ISR) Norma Drimmer (DE) Edelweiss F\u00f6rbundet Stockholm (SE) Joachim Elzmann (DE) Mikhal Gamzou (DE\/ISR) GODsDOGs (DE) [&hellip;]<\/p>\n","protected":false},"author":1,"featured_media":0,"parent":0,"menu_order":0,"comment_status":"closed","ping_status":"closed","template":"","meta":{"_et_pb_use_builder":"on","_et_pb_old_content":"<!-- wp:divi\/placeholder \/-->","_et_gb_content_width":"","footnotes":""},"class_list":["post-17","page","type-page","status-publish","hentry"],"yoast_head":"<!-- This site is optimized with the Yoast SEO plugin v27.4 - https:\/\/yoast.com\/product\/yoast-seo-wordpress\/ -->\n<title>Artists - beyondbelief-art.com<\/title>\n<meta name=\"description\" content=\"44 K\u00fcnstler:innen aus 17 L\u00e4ndern fragen, was Spiritualit\u00e4t \u00fcber den Glauben hinaus heute bedeutet.\" \/>\n<meta name=\"robots\" content=\"index, follow, max-snippet:-1, max-image-preview:large, max-video-preview:-1\" \/>\n<link rel=\"canonical\" href=\"https:\/\/beyondbelief-art.com\/en\/artists\/\" \/>\n<meta property=\"og:locale\" content=\"en_GB\" \/>\n<meta property=\"og:type\" content=\"article\" \/>\n<meta property=\"og:title\" content=\"Artists - beyondbelief-art.com\" \/>\n<meta property=\"og:description\" content=\"44 K\u00fcnstler:innen aus 17 L\u00e4ndern fragen, was Spiritualit\u00e4t \u00fcber den Glauben hinaus heute bedeutet.\" \/>\n<meta property=\"og:url\" content=\"https:\/\/beyondbelief-art.com\/en\/artists\/\" \/>\n<meta property=\"og:site_name\" content=\"beyondbelief-art.com\" \/>\n<meta property=\"article:modified_time\" content=\"2021-09-10T13:23:53+00:00\" \/>\n<meta name=\"twitter:card\" content=\"summary_large_image\" \/>\n<meta name=\"twitter:label1\" content=\"Estimated reading time\" \/>\n\t<meta name=\"twitter:data1\" content=\"1 minute\" \/>\n<script type=\"application\/ld+json\" class=\"yoast-schema-graph\">{\"@context\":\"https:\\\/\\\/schema.org\",\"@graph\":[{\"@type\":\"WebPage\",\"@id\":\"https:\\\/\\\/beyondbelief-art.com\\\/artists\\\/\",\"url\":\"https:\\\/\\\/beyondbelief-art.com\\\/artists\\\/\",\"name\":\"Artists - beyondbelief-art.com\",\"isPartOf\":{\"@id\":\"https:\\\/\\\/beyondbelief-art.com\\\/#website\"},\"datePublished\":\"2021-08-02T11:12:32+00:00\",\"dateModified\":\"2021-09-10T13:23:53+00:00\",\"description\":\"44 K\u00fcnstler:innen aus 17 L\u00e4ndern fragen, was Spiritualit\u00e4t \u00fcber den Glauben hinaus heute bedeutet.\",\"breadcrumb\":{\"@id\":\"https:\\\/\\\/beyondbelief-art.com\\\/artists\\\/#breadcrumb\"},\"inLanguage\":\"en-GB\",\"potentialAction\":[{\"@type\":\"ReadAction\",\"target\":[\"https:\\\/\\\/beyondbelief-art.com\\\/artists\\\/\"]}]},{\"@type\":\"BreadcrumbList\",\"@id\":\"https:\\\/\\\/beyondbelief-art.com\\\/artists\\\/#breadcrumb\",\"itemListElement\":[{\"@type\":\"ListItem\",\"position\":1,\"name\":\"Home\",\"item\":\"https:\\\/\\\/beyondbelief-art.com\\\/\"},{\"@type\":\"ListItem\",\"position\":2,\"name\":\"Artists\"}]},{\"@type\":\"WebSite\",\"@id\":\"https:\\\/\\\/beyondbelief-art.com\\\/#website\",\"url\":\"https:\\\/\\\/beyondbelief-art.com\\\/\",\"name\":\"beyondbelief-art.com\",\"description\":\"Gruppenausstellung zum Thema Neue Spiritualit\u00e4t\",\"publisher\":{\"@id\":\"https:\\\/\\\/beyondbelief-art.com\\\/#organization\"},\"potentialAction\":[{\"@type\":\"SearchAction\",\"target\":{\"@type\":\"EntryPoint\",\"urlTemplate\":\"https:\\\/\\\/beyondbelief-art.com\\\/?s={search_term_string}\"},\"query-input\":{\"@type\":\"PropertyValueSpecification\",\"valueRequired\":true,\"valueName\":\"search_term_string\"}}],\"inLanguage\":\"en-GB\"},{\"@type\":\"Organization\",\"@id\":\"https:\\\/\\\/beyondbelief-art.com\\\/#organization\",\"name\":\"Beyond Belief\",\"url\":\"https:\\\/\\\/beyondbelief-art.com\\\/\",\"logo\":{\"@type\":\"ImageObject\",\"inLanguage\":\"en-GB\",\"@id\":\"https:\\\/\\\/beyondbelief-art.com\\\/#\\\/schema\\\/logo\\\/image\\\/\",\"url\":\"https:\\\/\\\/beyondbelief-art.com\\\/wp-content\\\/uploads\\\/2021\\\/08\\\/cropped-Beyond-Belief-1.png\",\"contentUrl\":\"https:\\\/\\\/beyondbelief-art.com\\\/wp-content\\\/uploads\\\/2021\\\/08\\\/cropped-Beyond-Belief-1.png\",\"width\":512,\"height\":512,\"caption\":\"Beyond Belief\"},\"image\":{\"@id\":\"https:\\\/\\\/beyondbelief-art.com\\\/#\\\/schema\\\/logo\\\/image\\\/\"},\"sameAs\":[\"https:\\\/\\\/www.instagram.com\\\/artist.evolver\\\/\"]}]}<\/script>\n<!-- \/ Yoast SEO plugin. -->","yoast_head_json":{"title":"Artists - beyondbelief-art.com","description":"44 K\u00fcnstler:innen aus 17 L\u00e4ndern fragen, was Spiritualit\u00e4t \u00fcber den Glauben hinaus heute bedeutet.","robots":{"index":"index","follow":"follow","max-snippet":"max-snippet:-1","max-image-preview":"max-image-preview:large","max-video-preview":"max-video-preview:-1"},"canonical":"https:\/\/beyondbelief-art.com\/en\/artists\/","og_locale":"en_GB","og_type":"article","og_title":"Artists - beyondbelief-art.com","og_description":"44 K\u00fcnstler:innen aus 17 L\u00e4ndern fragen, was Spiritualit\u00e4t \u00fcber den Glauben hinaus heute bedeutet.","og_url":"https:\/\/beyondbelief-art.com\/en\/artists\/","og_site_name":"beyondbelief-art.com","article_modified_time":"2021-09-10T13:23:53+00:00","twitter_card":"summary_large_image","twitter_misc":{"Estimated reading time":"1 minute"},"schema":{"@context":"https:\/\/schema.org","@graph":[{"@type":"WebPage","@id":"https:\/\/beyondbelief-art.com\/artists\/","url":"https:\/\/beyondbelief-art.com\/artists\/","name":"Artists - beyondbelief-art.com","isPartOf":{"@id":"https:\/\/beyondbelief-art.com\/#website"},"datePublished":"2021-08-02T11:12:32+00:00","dateModified":"2021-09-10T13:23:53+00:00","description":"44 K\u00fcnstler:innen aus 17 L\u00e4ndern fragen, was Spiritualit\u00e4t \u00fcber den Glauben hinaus heute bedeutet.","breadcrumb":{"@id":"https:\/\/beyondbelief-art.com\/artists\/#breadcrumb"},"inLanguage":"en-GB","potentialAction":[{"@type":"ReadAction","target":["https:\/\/beyondbelief-art.com\/artists\/"]}]},{"@type":"BreadcrumbList","@id":"https:\/\/beyondbelief-art.com\/artists\/#breadcrumb","itemListElement":[{"@type":"ListItem","position":1,"name":"Home","item":"https:\/\/beyondbelief-art.com\/"},{"@type":"ListItem","position":2,"name":"Artists"}]},{"@type":"WebSite","@id":"https:\/\/beyondbelief-art.com\/#website","url":"https:\/\/beyondbelief-art.com\/","name":"beyondbelief-art.com","description":"Gruppenausstellung zum Thema Neue Spiritualit\u00e4t","publisher":{"@id":"https:\/\/beyondbelief-art.com\/#organization"},"potentialAction":[{"@type":"SearchAction","target":{"@type":"EntryPoint","urlTemplate":"https:\/\/beyondbelief-art.com\/?s={search_term_string}"},"query-input":{"@type":"PropertyValueSpecification","valueRequired":true,"valueName":"search_term_string"}}],"inLanguage":"en-GB"},{"@type":"Organization","@id":"https:\/\/beyondbelief-art.com\/#organization","name":"Beyond Belief","url":"https:\/\/beyondbelief-art.com\/","logo":{"@type":"ImageObject","inLanguage":"en-GB","@id":"https:\/\/beyondbelief-art.com\/#\/schema\/logo\/image\/","url":"https:\/\/beyondbelief-art.com\/wp-content\/uploads\/2021\/08\/cropped-Beyond-Belief-1.png","contentUrl":"https:\/\/beyondbelief-art.com\/wp-content\/uploads\/2021\/08\/cropped-Beyond-Belief-1.png","width":512,"height":512,"caption":"Beyond Belief"},"image":{"@id":"https:\/\/beyondbelief-art.com\/#\/schema\/logo\/image\/"},"sameAs":["https:\/\/www.instagram.com\/artist.evolver\/"]}]}},"_links":{"self":[{"href":"https:\/\/beyondbelief-art.com\/en\/wp-json\/wp\/v2\/pages\/17","targetHints":{"allow":["GET"]}}],"collection":[{"href":"https:\/\/beyondbelief-art.com\/en\/wp-json\/wp\/v2\/pages"}],"about":[{"href":"https:\/\/beyondbelief-art.com\/en\/wp-json\/wp\/v2\/types\/page"}],"author":[{"embeddable":true,"href":"https:\/\/beyondbelief-art.com\/en\/wp-json\/wp\/v2\/users\/1"}],"replies":[{"embeddable":true,"href":"https:\/\/beyondbelief-art.com\/en\/wp-json\/wp\/v2\/comments?post=17"}],"version-history":[{"count":10,"href":"https:\/\/beyondbelief-art.com\/en\/wp-json\/wp\/v2\/pages\/17\/revisions"}],"predecessor-version":[{"id":1321,"href":"https:\/\/beyondbelief-art.com\/en\/wp-json\/wp\/v2\/pages\/17\/revisions\/1321"}],"wp:attachment":[{"href":"https:\/\/beyondbelief-art.com\/en\/wp-json\/wp\/v2\/media?parent=17"}],"curies":[{"name":"wp","href":"https:\/\/api.w.org\/{rel}","templated":true}]}}