{"id":271,"date":"2021-08-03T11:46:25","date_gmt":"2021-08-03T11:46:25","guid":{"rendered":"https:\/\/beyondbelief-art.com\/?page_id=271"},"modified":"2021-09-02T21:38:55","modified_gmt":"2021-09-02T21:38:55","slug":"vermittlungsprogramm","status":"publish","type":"page","link":"https:\/\/beyondbelief-art.com\/en\/vermittlungsprogramm\/","title":{"rendered":"F\u00fcr Kinder"},"content":{"rendered":"<p>[et_pb_section fb_built=&#8220;1&#8243; _builder_version=&#8220;4.10.4&#8243; _module_preset=&#8220;default&#8220; background_color=&#8220;rgba(255,255,255,0.23)&#8220; global_colors_info=&#8220;{}&#8220;][et_pb_row _builder_version=&#8220;4.9.10&#8243; _module_preset=&#8220;default&#8220; global_colors_info=&#8220;{}&#8220;][et_pb_column type=&#8220;4_4&#8243; _builder_version=&#8220;4.9.10&#8243; _module_preset=&#8220;default&#8220; global_colors_info=&#8220;{}&#8220;][et_pb_text _builder_version=&#8220;4.10.5&#8243; _module_preset=&#8220;default&#8220; text_font=&#8220;Montserrat||||||||&#8220; header_text_color=&#8220;#000000&#8243; header_2_font=&#8220;Libre Baskerville||on||||||&#8220; header_2_text_color=&#8220;#000000&#8243; hover_enabled=&#8220;0&#8243; global_colors_info=&#8220;{}&#8220; sticky_enabled=&#8220;0&#8243;]<\/p>\n<h2><span class=\"JsGRdQ\">\u00a0<\/span><\/h2>\n<h2><span class=\"JsGRdQ\">Vermittlungsrogramm f\u00fcr Kinder &amp; Jugendliche<\/span><\/h2>\n<p><span class=\"JsGRdQ\"><\/span><\/p>\n<p><span style=\"color: #ffffff;\">Kreative Workshops f\u00fcr Kinder und Jugendliche<\/span><\/p>\n<p><span style=\"color: #ffffff;\"><b>Samstag, den 18.9.21 um 14:00-16:00 Uhr<br \/><\/b><b>Sonntag, den 19.9.21 um 12:00 bis 14:00 Uhr sowie 14:00-16:00 Uhr<\/b><\/span><\/p>\n<h2><span class=\"JsGRdQ\"><img loading=\"lazy\" decoding=\"async\" src=\"https:\/\/beyondbelief-art.com\/wp-content\/uploads\/2021\/09\/9b_BeyondBelief_HalinaHildebrand_OT_400px_72dpi-300x200.jpg\" alt=\"\" class=\"wp-image-1227 alignnone size-medium\" style=\"display: block; margin-left: auto; margin-right: auto;\" width=\"300\" height=\"200\" srcset=\"https:\/\/beyondbelief-art.com\/wp-content\/uploads\/2021\/09\/9b_BeyondBelief_HalinaHildebrand_OT_400px_72dpi-300x200.jpg 300w, https:\/\/beyondbelief-art.com\/wp-content\/uploads\/2021\/09\/9b_BeyondBelief_HalinaHildebrand_OT_400px_72dpi-18x12.jpg 18w, https:\/\/beyondbelief-art.com\/wp-content\/uploads\/2021\/09\/9b_BeyondBelief_HalinaHildebrand_OT_400px_72dpi.jpg 400w\" sizes=\"auto, (max-width: 300px) 100vw, 300px\" \/><\/span><\/h2>\n<p><span style=\"color: #ffffff;\">Unglaublich! Sind einige B\u00e4ume in der Ausstellung halb unsichtbar? <br \/>Wie k\u00f6nnen zwei Ideen gleichzeitig wahr sein? Und was ist Waldbaden? <\/span><\/p>\n<p><span style=\"color: #ffffff;\">Die erfahrene Museumsp\u00e4dagogin H\u00e9l\u00e8ne Tragesser leitet Kinder anhand ausgew\u00e4hlter Werke an, selbst kreativ zu werden und ein k\u00fcnstlerisches Werke <br \/>zu gestalten. <\/span><span style=\"color: #ffffff;\"> So machen philosophische <\/span><span style=\"color: #ffffff;\">Fragen Spa\u00df!<br \/><\/span><\/p>\n<p><span style=\"color: #ffffff;\"><strong>Eintritt frei,<\/strong> Spende erw\u00fcnscht.<\/span><\/p>\n<p><span style=\"color: #ffffff;\">Anmeldung: <span style=\"text-decoration: underline;\"><span style=\"color: #f2f2f2;\"><a href=\"mailto:kunstvermittlung@arte-veni.de\" style=\"color: #f2f2f2; text-decoration: underline;\">kunstvermittlung@arte-veni.de<\/a><\/span><\/span><\/span><\/p>\n<p class=\"p1\"><span class=\"s1\"><span style=\"color: #ffffff;\"><a href=\"https:\/\/www.canva.com\/design\/DAEe5zZ7eac\/cZvNjuajxjcRV4xeTfBNQw\/view?utm_content=DAEe5zZ7eac&amp;utm_campaign=designshare&amp;utm_medium=link&amp;utm_source=publishpresent\" style=\"color: #ffffff; text-decoration: underline;\" target=\"_blank\" rel=\"noopener\">Ausf\u00fchrliche Informationen im <\/a><\/span><\/span><span class=\"s1\"><span style=\"color: #ffffff;\"><a href=\"https:\/\/www.canva.com\/design\/DAEe5zZ7eac\/cZvNjuajxjcRV4xeTfBNQw\/view?utm_content=DAEe5zZ7eac&amp;utm_campaign=designshare&amp;utm_medium=link&amp;utm_source=publishpresent\" style=\"color: #ffffff; text-decoration: underline;\" target=\"_blank\" rel=\"noopener\"><strong>Expos\u00e9<\/strong><\/a><\/span><\/span><span class=\"s1\"><span style=\"color: #ffffff;\"><a href=\"https:\/\/www.canva.com\/design\/DAEe5zZ7eac\/cZvNjuajxjcRV4xeTfBNQw\/view?utm_content=DAEe5zZ7eac&amp;utm_campaign=designshare&amp;utm_medium=link&amp;utm_source=publishpresent\" style=\"color: #ffffff; text-decoration: underline;\" target=\"_blank\" rel=\"noopener\"><strong><\/strong><\/a><\/span><\/span><span class=\"s1\"><span style=\"color: #ffffff;\"><a href=\"https:\/\/www.canva.com\/design\/DAEe5zZ7eac\/cZvNjuajxjcRV4xeTfBNQw\/view?utm_content=DAEe5zZ7eac&amp;utm_campaign=designshare&amp;utm_medium=link&amp;utm_source=publishpresent\" style=\"color: #ffffff; text-decoration: underline;\" target=\"_blank\" rel=\"noopener\"><strong> Kunstvermittlung und Gruppenausstellung<\/strong><\/a><\/span><\/span><\/p>\n<p>[\/et_pb_text][\/et_pb_column][\/et_pb_row][et_pb_row column_structure=&#8220;1_2,1_2&#8243; _builder_version=&#8220;4.10.4&#8243; _module_preset=&#8220;default&#8220; global_colors_info=&#8220;{}&#8220;][et_pb_column type=&#8220;1_2&#8243; _builder_version=&#8220;4.10.4&#8243; _module_preset=&#8220;default&#8220; global_colors_info=&#8220;{}&#8220;][et_pb_image src=&#8220;https:\/\/beyondbelief-art.com\/wp-content\/uploads\/2021\/08\/vermittlung2.jpg&#8220; title_text=&#8220;vermittlung2&#8243; _builder_version=&#8220;4.10.4&#8243; _module_preset=&#8220;default&#8220; global_colors_info=&#8220;{}&#8220;][\/et_pb_image][\/et_pb_column][et_pb_column type=&#8220;1_2&#8243; _builder_version=&#8220;4.10.4&#8243; _module_preset=&#8220;default&#8220; global_colors_info=&#8220;{}&#8220;][et_pb_image src=&#8220;https:\/\/beyondbelief-art.com\/wp-content\/uploads\/2021\/08\/vermittlung1.jpg&#8220; title_text=&#8220;vermittlung1&#8243; _builder_version=&#8220;4.10.4&#8243; _module_preset=&#8220;default&#8220; global_colors_info=&#8220;{}&#8220;][\/et_pb_image][\/et_pb_column][\/et_pb_row][\/et_pb_section]<\/p>\n","protected":false},"excerpt":{"rendered":"<p>\u00a0 Vermittlungsrogramm f\u00fcr Kinder &amp; Jugendliche Kreative Workshops f\u00fcr Kinder und Jugendliche Samstag, den 18.9.21 um 14:00-16:00 UhrSonntag, den 19.9.21 um 12:00 bis 14:00 Uhr sowie 14:00-16:00 Uhr Unglaublich! Sind einige B\u00e4ume in der Ausstellung halb unsichtbar? Wie k\u00f6nnen zwei Ideen gleichzeitig wahr sein? Und was ist Waldbaden? Die erfahrene Museumsp\u00e4dagogin H\u00e9l\u00e8ne Tragesser leitet Kinder [&hellip;]<\/p>\n","protected":false},"author":1,"featured_media":0,"parent":0,"menu_order":0,"comment_status":"closed","ping_status":"closed","template":"","meta":{"_et_pb_use_builder":"on","_et_pb_old_content":"<!-- wp:divi\/placeholder \/-->","_et_gb_content_width":"","footnotes":""},"class_list":["post-271","page","type-page","status-publish","hentry"],"yoast_head":"<!-- This site is optimized with the Yoast SEO plugin v27.4 - https:\/\/yoast.com\/product\/yoast-seo-wordpress\/ -->\n<title>F\u00fcr Kinder - beyondbelief-art.com<\/title>\n<meta name=\"robots\" content=\"index, follow, max-snippet:-1, max-image-preview:large, max-video-preview:-1\" \/>\n<link rel=\"canonical\" href=\"https:\/\/beyondbelief-art.com\/en\/vermittlungsprogramm\/\" \/>\n<meta property=\"og:locale\" content=\"en_GB\" \/>\n<meta property=\"og:type\" content=\"article\" \/>\n<meta property=\"og:title\" content=\"F\u00fcr Kinder - beyondbelief-art.com\" \/>\n<meta property=\"og:description\" content=\"\u00a0 Vermittlungsrogramm f\u00fcr Kinder &amp; Jugendliche Kreative Workshops f\u00fcr Kinder und Jugendliche Samstag, den 18.9.21 um 14:00-16:00 UhrSonntag, den 19.9.21 um 12:00 bis 14:00 Uhr sowie 14:00-16:00 Uhr Unglaublich! Sind einige B\u00e4ume in der Ausstellung halb unsichtbar? Wie k\u00f6nnen zwei Ideen gleichzeitig wahr sein? Und was ist Waldbaden? Die erfahrene Museumsp\u00e4dagogin H\u00e9l\u00e8ne Tragesser leitet Kinder [&hellip;]\" \/>\n<meta property=\"og:url\" content=\"https:\/\/beyondbelief-art.com\/en\/vermittlungsprogramm\/\" \/>\n<meta property=\"og:site_name\" content=\"beyondbelief-art.com\" \/>\n<meta property=\"article:modified_time\" content=\"2021-09-02T21:38:55+00:00\" \/>\n<meta property=\"og:image\" content=\"https:\/\/beyondbelief-art.com\/wp-content\/uploads\/2021\/09\/9b_BeyondBelief_HalinaHildebrand_OT_400px_72dpi-300x200.jpg\" \/>\n<meta name=\"twitter:card\" content=\"summary_large_image\" \/>\n<meta name=\"twitter:label1\" content=\"Estimated reading time\" \/>\n\t<meta name=\"twitter:data1\" content=\"1 minute\" \/>\n<script type=\"application\/ld+json\" class=\"yoast-schema-graph\">{\"@context\":\"https:\\\/\\\/schema.org\",\"@graph\":[{\"@type\":\"WebPage\",\"@id\":\"https:\\\/\\\/beyondbelief-art.com\\\/vermittlungsprogramm\\\/\",\"url\":\"https:\\\/\\\/beyondbelief-art.com\\\/vermittlungsprogramm\\\/\",\"name\":\"F\u00fcr Kinder - beyondbelief-art.com\",\"isPartOf\":{\"@id\":\"https:\\\/\\\/beyondbelief-art.com\\\/#website\"},\"primaryImageOfPage\":{\"@id\":\"https:\\\/\\\/beyondbelief-art.com\\\/vermittlungsprogramm\\\/#primaryimage\"},\"image\":{\"@id\":\"https:\\\/\\\/beyondbelief-art.com\\\/vermittlungsprogramm\\\/#primaryimage\"},\"thumbnailUrl\":\"https:\\\/\\\/beyondbelief-art.com\\\/wp-content\\\/uploads\\\/2021\\\/09\\\/9b_BeyondBelief_HalinaHildebrand_OT_400px_72dpi-300x200.jpg\",\"datePublished\":\"2021-08-03T11:46:25+00:00\",\"dateModified\":\"2021-09-02T21:38:55+00:00\",\"breadcrumb\":{\"@id\":\"https:\\\/\\\/beyondbelief-art.com\\\/vermittlungsprogramm\\\/#breadcrumb\"},\"inLanguage\":\"en-GB\",\"potentialAction\":[{\"@type\":\"ReadAction\",\"target\":[\"https:\\\/\\\/beyondbelief-art.com\\\/vermittlungsprogramm\\\/\"]}]},{\"@type\":\"ImageObject\",\"inLanguage\":\"en-GB\",\"@id\":\"https:\\\/\\\/beyondbelief-art.com\\\/vermittlungsprogramm\\\/#primaryimage\",\"url\":\"https:\\\/\\\/beyondbelief-art.com\\\/wp-content\\\/uploads\\\/2021\\\/09\\\/9b_BeyondBelief_HalinaHildebrand_OT_400px_72dpi-300x200.jpg\",\"contentUrl\":\"https:\\\/\\\/beyondbelief-art.com\\\/wp-content\\\/uploads\\\/2021\\\/09\\\/9b_BeyondBelief_HalinaHildebrand_OT_400px_72dpi-300x200.jpg\"},{\"@type\":\"BreadcrumbList\",\"@id\":\"https:\\\/\\\/beyondbelief-art.com\\\/vermittlungsprogramm\\\/#breadcrumb\",\"itemListElement\":[{\"@type\":\"ListItem\",\"position\":1,\"name\":\"Home\",\"item\":\"https:\\\/\\\/beyondbelief-art.com\\\/\"},{\"@type\":\"ListItem\",\"position\":2,\"name\":\"F\u00fcr Kinder\"}]},{\"@type\":\"WebSite\",\"@id\":\"https:\\\/\\\/beyondbelief-art.com\\\/#website\",\"url\":\"https:\\\/\\\/beyondbelief-art.com\\\/\",\"name\":\"beyondbelief-art.com\",\"description\":\"Gruppenausstellung zum Thema Neue Spiritualit\u00e4t\",\"publisher\":{\"@id\":\"https:\\\/\\\/beyondbelief-art.com\\\/#organization\"},\"potentialAction\":[{\"@type\":\"SearchAction\",\"target\":{\"@type\":\"EntryPoint\",\"urlTemplate\":\"https:\\\/\\\/beyondbelief-art.com\\\/?s={search_term_string}\"},\"query-input\":{\"@type\":\"PropertyValueSpecification\",\"valueRequired\":true,\"valueName\":\"search_term_string\"}}],\"inLanguage\":\"en-GB\"},{\"@type\":\"Organization\",\"@id\":\"https:\\\/\\\/beyondbelief-art.com\\\/#organization\",\"name\":\"Beyond Belief\",\"url\":\"https:\\\/\\\/beyondbelief-art.com\\\/\",\"logo\":{\"@type\":\"ImageObject\",\"inLanguage\":\"en-GB\",\"@id\":\"https:\\\/\\\/beyondbelief-art.com\\\/#\\\/schema\\\/logo\\\/image\\\/\",\"url\":\"https:\\\/\\\/beyondbelief-art.com\\\/wp-content\\\/uploads\\\/2021\\\/08\\\/cropped-Beyond-Belief-1.png\",\"contentUrl\":\"https:\\\/\\\/beyondbelief-art.com\\\/wp-content\\\/uploads\\\/2021\\\/08\\\/cropped-Beyond-Belief-1.png\",\"width\":512,\"height\":512,\"caption\":\"Beyond Belief\"},\"image\":{\"@id\":\"https:\\\/\\\/beyondbelief-art.com\\\/#\\\/schema\\\/logo\\\/image\\\/\"},\"sameAs\":[\"https:\\\/\\\/www.instagram.com\\\/artist.evolver\\\/\"]}]}<\/script>\n<!-- \/ Yoast SEO plugin. -->","yoast_head_json":{"title":"F\u00fcr Kinder - beyondbelief-art.com","robots":{"index":"index","follow":"follow","max-snippet":"max-snippet:-1","max-image-preview":"max-image-preview:large","max-video-preview":"max-video-preview:-1"},"canonical":"https:\/\/beyondbelief-art.com\/en\/vermittlungsprogramm\/","og_locale":"en_GB","og_type":"article","og_title":"F\u00fcr Kinder - beyondbelief-art.com","og_description":"\u00a0 Vermittlungsrogramm f\u00fcr Kinder &amp; Jugendliche Kreative Workshops f\u00fcr Kinder und Jugendliche Samstag, den 18.9.21 um 14:00-16:00 UhrSonntag, den 19.9.21 um 12:00 bis 14:00 Uhr sowie 14:00-16:00 Uhr Unglaublich! Sind einige B\u00e4ume in der Ausstellung halb unsichtbar? Wie k\u00f6nnen zwei Ideen gleichzeitig wahr sein? Und was ist Waldbaden? Die erfahrene Museumsp\u00e4dagogin H\u00e9l\u00e8ne Tragesser leitet Kinder [&hellip;]","og_url":"https:\/\/beyondbelief-art.com\/en\/vermittlungsprogramm\/","og_site_name":"beyondbelief-art.com","article_modified_time":"2021-09-02T21:38:55+00:00","og_image":[{"url":"https:\/\/beyondbelief-art.com\/wp-content\/uploads\/2021\/09\/9b_BeyondBelief_HalinaHildebrand_OT_400px_72dpi-300x200.jpg","type":"","width":"","height":""}],"twitter_card":"summary_large_image","twitter_misc":{"Estimated reading time":"1 minute"},"schema":{"@context":"https:\/\/schema.org","@graph":[{"@type":"WebPage","@id":"https:\/\/beyondbelief-art.com\/vermittlungsprogramm\/","url":"https:\/\/beyondbelief-art.com\/vermittlungsprogramm\/","name":"F\u00fcr Kinder - beyondbelief-art.com","isPartOf":{"@id":"https:\/\/beyondbelief-art.com\/#website"},"primaryImageOfPage":{"@id":"https:\/\/beyondbelief-art.com\/vermittlungsprogramm\/#primaryimage"},"image":{"@id":"https:\/\/beyondbelief-art.com\/vermittlungsprogramm\/#primaryimage"},"thumbnailUrl":"https:\/\/beyondbelief-art.com\/wp-content\/uploads\/2021\/09\/9b_BeyondBelief_HalinaHildebrand_OT_400px_72dpi-300x200.jpg","datePublished":"2021-08-03T11:46:25+00:00","dateModified":"2021-09-02T21:38:55+00:00","breadcrumb":{"@id":"https:\/\/beyondbelief-art.com\/vermittlungsprogramm\/#breadcrumb"},"inLanguage":"en-GB","potentialAction":[{"@type":"ReadAction","target":["https:\/\/beyondbelief-art.com\/vermittlungsprogramm\/"]}]},{"@type":"ImageObject","inLanguage":"en-GB","@id":"https:\/\/beyondbelief-art.com\/vermittlungsprogramm\/#primaryimage","url":"https:\/\/beyondbelief-art.com\/wp-content\/uploads\/2021\/09\/9b_BeyondBelief_HalinaHildebrand_OT_400px_72dpi-300x200.jpg","contentUrl":"https:\/\/beyondbelief-art.com\/wp-content\/uploads\/2021\/09\/9b_BeyondBelief_HalinaHildebrand_OT_400px_72dpi-300x200.jpg"},{"@type":"BreadcrumbList","@id":"https:\/\/beyondbelief-art.com\/vermittlungsprogramm\/#breadcrumb","itemListElement":[{"@type":"ListItem","position":1,"name":"Home","item":"https:\/\/beyondbelief-art.com\/"},{"@type":"ListItem","position":2,"name":"F\u00fcr Kinder"}]},{"@type":"WebSite","@id":"https:\/\/beyondbelief-art.com\/#website","url":"https:\/\/beyondbelief-art.com\/","name":"beyondbelief-art.com","description":"Gruppenausstellung zum Thema Neue Spiritualit\u00e4t","publisher":{"@id":"https:\/\/beyondbelief-art.com\/#organization"},"potentialAction":[{"@type":"SearchAction","target":{"@type":"EntryPoint","urlTemplate":"https:\/\/beyondbelief-art.com\/?s={search_term_string}"},"query-input":{"@type":"PropertyValueSpecification","valueRequired":true,"valueName":"search_term_string"}}],"inLanguage":"en-GB"},{"@type":"Organization","@id":"https:\/\/beyondbelief-art.com\/#organization","name":"Beyond Belief","url":"https:\/\/beyondbelief-art.com\/","logo":{"@type":"ImageObject","inLanguage":"en-GB","@id":"https:\/\/beyondbelief-art.com\/#\/schema\/logo\/image\/","url":"https:\/\/beyondbelief-art.com\/wp-content\/uploads\/2021\/08\/cropped-Beyond-Belief-1.png","contentUrl":"https:\/\/beyondbelief-art.com\/wp-content\/uploads\/2021\/08\/cropped-Beyond-Belief-1.png","width":512,"height":512,"caption":"Beyond Belief"},"image":{"@id":"https:\/\/beyondbelief-art.com\/#\/schema\/logo\/image\/"},"sameAs":["https:\/\/www.instagram.com\/artist.evolver\/"]}]}},"_links":{"self":[{"href":"https:\/\/beyondbelief-art.com\/en\/wp-json\/wp\/v2\/pages\/271","targetHints":{"allow":["GET"]}}],"collection":[{"href":"https:\/\/beyondbelief-art.com\/en\/wp-json\/wp\/v2\/pages"}],"about":[{"href":"https:\/\/beyondbelief-art.com\/en\/wp-json\/wp\/v2\/types\/page"}],"author":[{"embeddable":true,"href":"https:\/\/beyondbelief-art.com\/en\/wp-json\/wp\/v2\/users\/1"}],"replies":[{"embeddable":true,"href":"https:\/\/beyondbelief-art.com\/en\/wp-json\/wp\/v2\/comments?post=271"}],"version-history":[{"count":9,"href":"https:\/\/beyondbelief-art.com\/en\/wp-json\/wp\/v2\/pages\/271\/revisions"}],"predecessor-version":[{"id":1230,"href":"https:\/\/beyondbelief-art.com\/en\/wp-json\/wp\/v2\/pages\/271\/revisions\/1230"}],"wp:attachment":[{"href":"https:\/\/beyondbelief-art.com\/en\/wp-json\/wp\/v2\/media?parent=271"}],"curies":[{"name":"wp","href":"https:\/\/api.w.org\/{rel}","templated":true}]}}