{"id":273,"date":"2021-08-03T11:47:38","date_gmt":"2021-08-03T11:47:38","guid":{"rendered":"https:\/\/beyondbelief-art.com\/?page_id=273"},"modified":"2021-11-04T13:56:51","modified_gmt":"2021-11-04T13:56:51","slug":"kuratorin","status":"publish","type":"page","link":"https:\/\/beyondbelief-art.com\/en\/kuratorin\/","title":{"rendered":"Curator"},"content":{"rendered":"<p>[et_pb_section fb_built=&#8220;1&#8243; _builder_version=&#8220;4.9.10&#8243; _module_preset=&#8220;default&#8220; background_color=&#8220;rgba(255,255,255,0.4)&#8220; global_colors_info=&#8220;{}&#8220; theme_builder_area=&#8220;post_content&#8220;][et_pb_row column_structure=&#8220;1_2,1_2&#8243; _builder_version=&#8220;4.9.10&#8243; _module_preset=&#8220;default&#8220; global_colors_info=&#8220;{}&#8220; theme_builder_area=&#8220;post_content&#8220;][et_pb_column type=&#8220;1_2&#8243; _builder_version=&#8220;4.9.10&#8243; _module_preset=&#8220;default&#8220; global_colors_info=&#8220;{}&#8220; theme_builder_area=&#8220;post_content&#8220;][et_pb_text _builder_version=&#8220;4.9.10&#8243; _module_preset=&#8220;default&#8220; text_font=&#8220;Montserrat||||||||&#8220; text_text_color=&#8220;#000000&#8243; header_2_font=&#8220;Libre Baskerville||on||||||&#8220; header_2_text_color=&#8220;#000000&#8243; header_3_font=&#8220;Libre Baskerville||on||||||&#8220; header_3_text_color=&#8220;#000000&#8243; global_colors_info=&#8220;{}&#8220; theme_builder_area=&#8220;post_content&#8220;]<\/p>\n<h2><span class=\"JsGRdQ\">Kuratorin<\/span><\/h2>\n<p><span class=\"JsGRdQ\"><\/span><\/p>\n<h3><span class=\"JsGRdQ\">Britta Adler<\/span><\/h3>\n<p><span class=\"JsGRdQ\"><\/span><\/p>\n<p class=\"_04xlpA direction-ltr align-justify para-style-body\" style=\"text-align: justify;\"><span class=\"JsGRdQ\">Die freiberufliche Kuratorin Britta Adler kuratiert seit 2015 gr\u00f6\u00dfere Gruppenausstellungen. Neben der k\u00fcnstlerischen Qualit\u00e4t ist ihr die Diversit\u00e4t der K\u00fcnstler:innen und ihrer Werke wichtig. Leidenschaftlich bringt sie gesellschaftlich relevante Themen in einen k\u00fcnstlerischen Diskurs.<\/span><span class=\"JsGRdQ white-space-prewrap\"> <\/span><\/p>\n<p class=\"_04xlpA direction-ltr align-justify para-style-body\" style=\"text-align: justify;\"><span class=\"JsGRdQ\">Ihre bekannten Ausstellungen &#8222;bitch MATERial&#8220; &amp; &#8222;bOObs&#8220; (co-kuratiert mit Saralisa Volm) wurden in Berlin und Hamburg gezeigt und stie\u00dfen auf gro\u00dfe Resonanz in der Presse.<\/span><span class=\"JsGRdQ white-space-prewrap\"> <\/span><\/p>\n<p class=\"_04xlpA direction-ltr align-justify para-style-body\" style=\"text-align: justify;\"><span class=\"JsGRdQ\">Die Ausstellungsreihe wurde k\u00fcrzlich mit dem ersten Preis des Frauenpreises &#8222;Hatun S\u00fcr\u00fcc\u00fc&#8220; der Gr\u00fcnen f\u00fcr ihre kuratorische Arbeit ausgezeichnet.<\/span><span class=\"JsGRdQ white-space-prewrap\"> <\/span><\/p>\n<p>[\/et_pb_text][\/et_pb_column][et_pb_column type=&#8220;1_2&#8243; _builder_version=&#8220;4.9.10&#8243; _module_preset=&#8220;default&#8220; global_colors_info=&#8220;{}&#8220; theme_builder_area=&#8220;post_content&#8220;][et_pb_text _builder_version=&#8220;4.12.1&#8243; _module_preset=&#8220;default&#8220; header_4_font=&#8220;Montserrat||||||||&#8220; header_4_text_align=&#8220;right&#8220; header_4_text_color=&#8220;#000000&#8243; hover_enabled=&#8220;0&#8243; global_colors_info=&#8220;{}&#8220; theme_builder_area=&#8220;post_content&#8220; inline_fonts=&#8220;Libre Baskerville&#8220; sticky_enabled=&#8220;0&#8243;]<\/p>\n<h1 style=\"text-align: left;\"><span style=\"color: #000000;\"><em><span style=\"font-size: x-large;\"><span class=\"JsGRdQ\" style=\"font-family: 'Libre Baskerville'; font-weight: normal;\">Fr\u00fcherer Ausstellungen und mehr Infos siehe:<\/span><\/span><\/em><\/span><\/h1>\n<h1 style=\"text-align: left;\"><span style=\"text-decoration: underline; font-size: medium;\"><a href=\"http:\/\/brittaadler.com\/curate\/\" target=\"_blank\" rel=\"noopener\" style=\"color: #ffffff; text-decoration: underline;\"><span class=\"JsGRdQ\">http:\/\/brittaadler.com\/curate\/<\/span><\/a><\/span><\/h1>\n<p>[\/et_pb_text][\/et_pb_column][\/et_pb_row][\/et_pb_section]<\/p>\n","protected":false},"excerpt":{"rendered":"<p>Kuratorin Britta Adler Die freiberufliche Kuratorin Britta Adler kuratiert seit 2015 gr\u00f6\u00dfere Gruppenausstellungen. Neben der k\u00fcnstlerischen Qualit\u00e4t ist ihr die Diversit\u00e4t der K\u00fcnstler:innen und ihrer Werke wichtig. Leidenschaftlich bringt sie gesellschaftlich relevante Themen in einen k\u00fcnstlerischen Diskurs. Ihre bekannten Ausstellungen &#8222;bitch MATERial&#8220; &amp; &#8222;bOObs&#8220; (co-kuratiert mit Saralisa Volm) wurden in Berlin und Hamburg gezeigt und [&hellip;]<\/p>\n","protected":false},"author":1,"featured_media":0,"parent":0,"menu_order":0,"comment_status":"closed","ping_status":"closed","template":"","meta":{"_et_pb_use_builder":"on","_et_pb_old_content":"<!-- wp:divi\/placeholder \/-->","_et_gb_content_width":"","footnotes":""},"class_list":["post-273","page","type-page","status-publish","hentry"],"yoast_head":"<!-- This site is optimized with the Yoast SEO plugin v27.3 - https:\/\/yoast.com\/product\/yoast-seo-wordpress\/ -->\n<title>Kuratorin - beyondbelief-art.com<\/title>\n<meta name=\"description\" content=\"Beyond Belief - Gruppenausstellung kuratiert von Britta Adler\" \/>\n<meta name=\"robots\" content=\"index, follow, max-snippet:-1, max-image-preview:large, max-video-preview:-1\" \/>\n<link rel=\"canonical\" href=\"https:\/\/beyondbelief-art.com\/en\/kuratorin\/\" \/>\n<meta property=\"og:locale\" content=\"en_GB\" \/>\n<meta property=\"og:type\" content=\"article\" \/>\n<meta property=\"og:title\" content=\"Kuratorin - beyondbelief-art.com\" \/>\n<meta property=\"og:description\" content=\"Beyond Belief - Gruppenausstellung kuratiert von Britta Adler\" \/>\n<meta property=\"og:url\" content=\"https:\/\/beyondbelief-art.com\/en\/kuratorin\/\" \/>\n<meta property=\"og:site_name\" content=\"beyondbelief-art.com\" \/>\n<meta property=\"article:modified_time\" content=\"2021-11-04T13:56:51+00:00\" \/>\n<meta name=\"twitter:card\" content=\"summary_large_image\" \/>\n<meta name=\"twitter:label1\" content=\"Estimated reading time\" \/>\n\t<meta name=\"twitter:data1\" content=\"1 minute\" \/>\n<script type=\"application\/ld+json\" class=\"yoast-schema-graph\">{\"@context\":\"https:\\\/\\\/schema.org\",\"@graph\":[{\"@type\":\"WebPage\",\"@id\":\"https:\\\/\\\/beyondbelief-art.com\\\/kuratorin\\\/\",\"url\":\"https:\\\/\\\/beyondbelief-art.com\\\/kuratorin\\\/\",\"name\":\"Kuratorin - beyondbelief-art.com\",\"isPartOf\":{\"@id\":\"https:\\\/\\\/beyondbelief-art.com\\\/#website\"},\"datePublished\":\"2021-08-03T11:47:38+00:00\",\"dateModified\":\"2021-11-04T13:56:51+00:00\",\"description\":\"Beyond Belief - Gruppenausstellung kuratiert von Britta Adler\",\"breadcrumb\":{\"@id\":\"https:\\\/\\\/beyondbelief-art.com\\\/kuratorin\\\/#breadcrumb\"},\"inLanguage\":\"en-GB\",\"potentialAction\":[{\"@type\":\"ReadAction\",\"target\":[\"https:\\\/\\\/beyondbelief-art.com\\\/kuratorin\\\/\"]}]},{\"@type\":\"BreadcrumbList\",\"@id\":\"https:\\\/\\\/beyondbelief-art.com\\\/kuratorin\\\/#breadcrumb\",\"itemListElement\":[{\"@type\":\"ListItem\",\"position\":1,\"name\":\"Home\",\"item\":\"https:\\\/\\\/beyondbelief-art.com\\\/\"},{\"@type\":\"ListItem\",\"position\":2,\"name\":\"Kuratorin\"}]},{\"@type\":\"WebSite\",\"@id\":\"https:\\\/\\\/beyondbelief-art.com\\\/#website\",\"url\":\"https:\\\/\\\/beyondbelief-art.com\\\/\",\"name\":\"beyondbelief-art.com\",\"description\":\"Gruppenausstellung zum Thema Neue Spiritualit\u00e4t\",\"publisher\":{\"@id\":\"https:\\\/\\\/beyondbelief-art.com\\\/#organization\"},\"potentialAction\":[{\"@type\":\"SearchAction\",\"target\":{\"@type\":\"EntryPoint\",\"urlTemplate\":\"https:\\\/\\\/beyondbelief-art.com\\\/?s={search_term_string}\"},\"query-input\":{\"@type\":\"PropertyValueSpecification\",\"valueRequired\":true,\"valueName\":\"search_term_string\"}}],\"inLanguage\":\"en-GB\"},{\"@type\":\"Organization\",\"@id\":\"https:\\\/\\\/beyondbelief-art.com\\\/#organization\",\"name\":\"Beyond Belief\",\"url\":\"https:\\\/\\\/beyondbelief-art.com\\\/\",\"logo\":{\"@type\":\"ImageObject\",\"inLanguage\":\"en-GB\",\"@id\":\"https:\\\/\\\/beyondbelief-art.com\\\/#\\\/schema\\\/logo\\\/image\\\/\",\"url\":\"https:\\\/\\\/beyondbelief-art.com\\\/wp-content\\\/uploads\\\/2021\\\/08\\\/cropped-Beyond-Belief-1.png\",\"contentUrl\":\"https:\\\/\\\/beyondbelief-art.com\\\/wp-content\\\/uploads\\\/2021\\\/08\\\/cropped-Beyond-Belief-1.png\",\"width\":512,\"height\":512,\"caption\":\"Beyond Belief\"},\"image\":{\"@id\":\"https:\\\/\\\/beyondbelief-art.com\\\/#\\\/schema\\\/logo\\\/image\\\/\"},\"sameAs\":[\"https:\\\/\\\/www.instagram.com\\\/artist.evolver\\\/\"]}]}<\/script>\n<!-- \/ Yoast SEO plugin. -->","yoast_head_json":{"title":"Kuratorin - beyondbelief-art.com","description":"Beyond Belief - Gruppenausstellung kuratiert von Britta Adler","robots":{"index":"index","follow":"follow","max-snippet":"max-snippet:-1","max-image-preview":"max-image-preview:large","max-video-preview":"max-video-preview:-1"},"canonical":"https:\/\/beyondbelief-art.com\/en\/kuratorin\/","og_locale":"en_GB","og_type":"article","og_title":"Kuratorin - beyondbelief-art.com","og_description":"Beyond Belief - Gruppenausstellung kuratiert von Britta Adler","og_url":"https:\/\/beyondbelief-art.com\/en\/kuratorin\/","og_site_name":"beyondbelief-art.com","article_modified_time":"2021-11-04T13:56:51+00:00","twitter_card":"summary_large_image","twitter_misc":{"Estimated reading time":"1 minute"},"schema":{"@context":"https:\/\/schema.org","@graph":[{"@type":"WebPage","@id":"https:\/\/beyondbelief-art.com\/kuratorin\/","url":"https:\/\/beyondbelief-art.com\/kuratorin\/","name":"Kuratorin - beyondbelief-art.com","isPartOf":{"@id":"https:\/\/beyondbelief-art.com\/#website"},"datePublished":"2021-08-03T11:47:38+00:00","dateModified":"2021-11-04T13:56:51+00:00","description":"Beyond Belief - Gruppenausstellung kuratiert von Britta Adler","breadcrumb":{"@id":"https:\/\/beyondbelief-art.com\/kuratorin\/#breadcrumb"},"inLanguage":"en-GB","potentialAction":[{"@type":"ReadAction","target":["https:\/\/beyondbelief-art.com\/kuratorin\/"]}]},{"@type":"BreadcrumbList","@id":"https:\/\/beyondbelief-art.com\/kuratorin\/#breadcrumb","itemListElement":[{"@type":"ListItem","position":1,"name":"Home","item":"https:\/\/beyondbelief-art.com\/"},{"@type":"ListItem","position":2,"name":"Kuratorin"}]},{"@type":"WebSite","@id":"https:\/\/beyondbelief-art.com\/#website","url":"https:\/\/beyondbelief-art.com\/","name":"beyondbelief-art.com","description":"Gruppenausstellung zum Thema Neue Spiritualit\u00e4t","publisher":{"@id":"https:\/\/beyondbelief-art.com\/#organization"},"potentialAction":[{"@type":"SearchAction","target":{"@type":"EntryPoint","urlTemplate":"https:\/\/beyondbelief-art.com\/?s={search_term_string}"},"query-input":{"@type":"PropertyValueSpecification","valueRequired":true,"valueName":"search_term_string"}}],"inLanguage":"en-GB"},{"@type":"Organization","@id":"https:\/\/beyondbelief-art.com\/#organization","name":"Beyond Belief","url":"https:\/\/beyondbelief-art.com\/","logo":{"@type":"ImageObject","inLanguage":"en-GB","@id":"https:\/\/beyondbelief-art.com\/#\/schema\/logo\/image\/","url":"https:\/\/beyondbelief-art.com\/wp-content\/uploads\/2021\/08\/cropped-Beyond-Belief-1.png","contentUrl":"https:\/\/beyondbelief-art.com\/wp-content\/uploads\/2021\/08\/cropped-Beyond-Belief-1.png","width":512,"height":512,"caption":"Beyond Belief"},"image":{"@id":"https:\/\/beyondbelief-art.com\/#\/schema\/logo\/image\/"},"sameAs":["https:\/\/www.instagram.com\/artist.evolver\/"]}]}},"_links":{"self":[{"href":"https:\/\/beyondbelief-art.com\/en\/wp-json\/wp\/v2\/pages\/273","targetHints":{"allow":["GET"]}}],"collection":[{"href":"https:\/\/beyondbelief-art.com\/en\/wp-json\/wp\/v2\/pages"}],"about":[{"href":"https:\/\/beyondbelief-art.com\/en\/wp-json\/wp\/v2\/types\/page"}],"author":[{"embeddable":true,"href":"https:\/\/beyondbelief-art.com\/en\/wp-json\/wp\/v2\/users\/1"}],"replies":[{"embeddable":true,"href":"https:\/\/beyondbelief-art.com\/en\/wp-json\/wp\/v2\/comments?post=273"}],"version-history":[{"count":7,"href":"https:\/\/beyondbelief-art.com\/en\/wp-json\/wp\/v2\/pages\/273\/revisions"}],"predecessor-version":[{"id":1764,"href":"https:\/\/beyondbelief-art.com\/en\/wp-json\/wp\/v2\/pages\/273\/revisions\/1764"}],"wp:attachment":[{"href":"https:\/\/beyondbelief-art.com\/en\/wp-json\/wp\/v2\/media?parent=273"}],"curies":[{"name":"wp","href":"https:\/\/api.w.org\/{rel}","templated":true}]}}