{"id":464,"date":"2021-08-10T08:33:41","date_gmt":"2021-08-10T08:33:41","guid":{"rendered":"https:\/\/beyondbelief-art.com\/?page_id=464"},"modified":"2021-08-30T08:50:02","modified_gmt":"2021-08-30T08:50:02","slug":"partnerinnen-2","status":"publish","type":"page","link":"https:\/\/beyondbelief-art.com\/en\/partnerinnen-2\/","title":{"rendered":"Information for sponsors"},"content":{"rendered":"<p>[et_pb_section fb_built=&#8220;1&#8243; _builder_version=&#8220;4.10.5&#8243; _module_preset=&#8220;default&#8220; background_color=&#8220;rgba(255,255,255,0.53)&#8220; hover_enabled=&#8220;0&#8243; sticky_enabled=&#8220;0&#8243;][et_pb_row _builder_version=&#8220;4.10.5&#8243; _module_preset=&#8220;default&#8220;][et_pb_column _builder_version=&#8220;4.10.5&#8243; _module_preset=&#8220;default&#8220; type=&#8220;4_4&#8243;][et_pb_text _builder_version=&#8220;4.10.5&#8243; _module_preset=&#8220;default&#8220; text_font=&#8220;Montserrat||||||||&#8220; text_text_color=&#8220;#000000&#8243; header_3_font=&#8220;Libre Baskerville||on||||||&#8220; header_4_font=&#8220;Montserrat|600|||||||&#8220; header_4_text_color=&#8220;#E02B20&#8243; hover_enabled=&#8220;0&#8243; sticky_enabled=&#8220;0&#8243;]<\/p>\n<h3 style=\"text-align: center;\"><span class=\"JsGRdQ\">Sponsorbenefits Beyond Belief<\/span><span class=\"JsGRdQ white-space-prewrap\"> <\/span><\/h3>\n<p class=\"_04xlpA direction-ltr align-center para-style-body\" style=\"text-align: center;\"><span class=\"JsGRdQ\">Je nach Invest kann eine erh\u00f6hte <\/span><span class=\"JsGRdQ\">Sichtbarkeit gew\u00e4hrleistet werden.<\/span><span class=\"JsGRdQ white-space-prewrap\"> <\/span><span class=\"JsGRdQ\">Auf Ihren Wunsch stellen wir ein Paket zusammen.<\/span><\/p>\n<p class=\"_04xlpA direction-ltr align-center para-style-body\" style=\"text-align: center;\"><span class=\"JsGRdQ\"><\/span><\/p>\n<p class=\"_04xlpA direction-ltr align-center para-style-body\" style=\"text-align: center;\"><span class=\"JsGRdQ\"><\/span><\/p>\n<h4 class=\"_04xlpA direction-ltr align-center para-style-body\" style=\"text-align: left;\"><span class=\"JsGRdQ\">M\u00f6gliche Leistungen f\u00fcr Ihre Firma:<span class=\"JsGRdQ white-space-prewrap\"> <\/span><\/span><\/h4>\n<p class=\"_04xlpA direction-ltr align-justify para-style-body\"><span class=\"JsGRdQ\">1. Der Sponsor wird auf Drucksachen als unser Kulturpartner genannt:<\/span><\/p>\n<ul>\n<li><span class=\"JsGRdQ\">Logo auf Preislisten &amp; Informationen zu K\u00fcnstler:innen und Kunstwerke in der Ausstellung<\/span><\/li>\n<li><span class=\"JsGRdQ\">Logo auf Einladungskarten (Verteilung in Berlin und per Post an hochrangige Kunstkontakte)<\/span><\/li>\n<\/ul>\n<p class=\"_04xlpA direction-ltr align-justify para-style-body\"><span class=\"JsGRdQ\">2a. Name und Logo in der digitalen Kommunikation:<\/span><\/p>\n<ul>\n<li><span class=\"JsGRdQ\">Digitale <\/span><span class=\"JsGRdQ\">Einladungsmails <\/span><span class=\"JsGRdQ\">sowie <\/span><span class=\"JsGRdQ\">Newsletter <\/span><span class=\"JsGRdQ\">an verschiedene Mailinglisten verschickt<\/span><span class=\"JsGRdQ white-space-prewrap\"> <\/span><\/li>\n<\/ul>\n<p class=\"_04xlpA direction-ltr align-justify para-style-body\"><span class=\"JsGRdQ white-space-prewrap\"> <\/span><span class=\"JsGRdQ\">von Britta Adler, Haus Kunst Mitte und den K\u00fcnstler:innen<\/span><span class=\"JsGRdQ white-space-prewrap\"> <\/span><\/p>\n<ul>\n<li><span class=\"JsGRdQ\">Blogpost auf der Website www.beyondbelief.art (in Vorbereitung)<\/span><span class=\"JsGRdQ white-space-prewrap\"> <\/span><\/li>\n<\/ul>\n<p class=\"_04xlpA direction-ltr align-justify para-style-body\"><span class=\"JsGRdQ\">2b. Post oder Stories auf Social Media:<\/span><span class=\"JsGRdQ white-space-prewrap\"> <\/span><\/p>\n<p class=\"_04xlpA direction-ltr align-justify para-style-body\"><span class=\"JsGRdQ white-space-prewrap\"> <\/span><span class=\"JsGRdQ\">Instagram<\/span><span class=\"JsGRdQ white-space-prewrap\"> <\/span><span class=\"JsGRdQ\">facebook<\/span><\/p>\n<p class=\"_04xlpA direction-ltr align-justify para-style-body\"><span class=\"JsGRdQ white-space-prewrap\"> <\/span><span class=\"JsGRdQ\">@artist.evolver<\/span><span class=\"JsGRdQ white-space-prewrap\"> <\/span><span class=\"JsGRdQ\">@bitch MATERial<\/span><\/p>\n<p class=\"_04xlpA direction-ltr align-justify para-style-body\"><span class=\"JsGRdQ white-space-prewrap\"> <\/span><span class=\"JsGRdQ\">@bitchmaterial_art<\/span><span class=\"JsGRdQ white-space-prewrap\"> <\/span><span class=\"JsGRdQ\">@Britta Adler<\/span><\/p>\n<p class=\"_04xlpA direction-ltr align-justify para-style-body\"><span class=\"JsGRdQ white-space-prewrap\"> <\/span><span class=\"JsGRdQ\">@brittaadler<\/span><span class=\"JsGRdQ white-space-prewrap\"> <\/span><span class=\"JsGRdQ\">sowie auf K\u00fcnstler-Accounts<\/span><\/p>\n<p class=\"_04xlpA direction-ltr align-justify para-style-body\"><span class=\"JsGRdQ\">3. Katalog<\/span><span class=\"JsGRdQ white-space-prewrap\"> <\/span><\/p>\n<p class=\"_04xlpA direction-ltr align-justify para-style-body\"><span class=\"JsGRdQ white-space-prewrap\"> <\/span><span class=\"JsGRdQ\">Anzeige des Sponsors im digitalen und druckbaren Katalog<\/span><span class=\"JsGRdQ white-space-prewrap\"> <\/span><\/p>\n<p class=\"_04xlpA direction-ltr align-start para-style-body\"><span class=\"JsGRdQ white-space-prewrap\"> <\/span><span class=\"JsGRdQ\">(Beispiel f\u00fcr digitalen Katalog: https:\/\/issuu.com\/karloskargallery\/docs\/catalogue_changing_landscape_)<\/span><\/p>\n<p class=\"_04xlpA direction-ltr align-start para-style-body\"><span class=\"JsGRdQ\">4. Eintrittskarten f\u00fcr die Ausstellung<\/span><span class=\"JsGRdQ white-space-prewrap\"> <\/span><\/p>\n<p class=\"_04xlpA direction-ltr align-justify para-style-body\"><span class=\"JsGRdQ white-space-prewrap\"> <\/span><span class=\"JsGRdQ\">F\u00fcr Ihre Mitarbeiter:innen oder Kund:innen<\/span><\/p>\n<p class=\"_04xlpA direction-ltr align-justify para-style-body\"><span class=\"JsGRdQ\"><\/span><\/p>\n<h4 class=\"_04xlpA direction-ltr align-justify para-style-body\"><span class=\"JsGRdQ\">Weitere m\u00f6gliche Sponsor Benefits<\/span><\/h4>\n<p class=\"_04xlpA direction-ltr align-justify para-style-body\"><span class=\"JsGRdQ\">5. Blogposts auf verschiedenen Websites<\/span><span class=\"JsGRdQ white-space-prewrap\"> <\/span><\/p>\n<ul>\n<li><span class=\"JsGRdQ\">www.beyondbelief.art (in Vorbereitung)<\/span><span class=\"JsGRdQ white-space-prewrap\"> <\/span><\/li>\n<li><span class=\"JsGRdQ\">www.brittaadler.com<\/span><\/li>\n<\/ul>\n<p class=\"_04xlpA direction-ltr align-justify para-style-body\"><span class=\"JsGRdQ\">6. Sichtbarkeit am Haus Kunst Mitte in Form eines auff\u00e4lligen Banners<\/span><span class=\"JsGRdQ white-space-prewrap\"> <\/span><\/p>\n<p class=\"_04xlpA direction-ltr align-justify para-style-body\"><span class=\"JsGRdQ white-space-prewrap\"> <\/span><span class=\"JsGRdQ\">(Banner oder Schild wird vom Sponsor zur Verf\u00fcgung gestellt)<\/span><\/p>\n<p class=\"_04xlpA direction-ltr align-justify para-style-body\"><span class=\"JsGRdQ\">7. Sichtbarkeit in der Ausstellung:<\/span><span class=\"JsGRdQ white-space-prewrap\"> <\/span><\/p>\n<p class=\"_04xlpA direction-ltr align-justify para-style-body\"><span class=\"JsGRdQ white-space-prewrap\"> <\/span><span class=\"JsGRdQ\">Ihr Name &amp; Logo auf einer Tafel im Haus Kunst Mitte<\/span><\/p>\n<p class=\"_04xlpA direction-ltr align-justify para-style-body\"><span class=\"JsGRdQ\">8. Exklusiver Sektempfang mit Kurator:innen F\u00fchrung<\/span><\/p>\n<p class=\"_04xlpA direction-ltr align-justify para-style-body\"><span class=\"JsGRdQ white-space-prewrap\"> <\/span><span class=\"JsGRdQ\">F\u00fcr Ihre Mitarbeiter:innen oder Kund:innen<\/span><\/p>\n<p class=\"_04xlpA direction-ltr align-justify para-style-body\"><span class=\"JsGRdQ\">9. Teilnahme an Begleitprogramm in der Ausstellung<\/span><span class=\"JsGRdQ white-space-prewrap\"> <\/span><\/p>\n<p class=\"_04xlpA direction-ltr align-justify para-style-body\"><span class=\"JsGRdQ white-space-prewrap\"> <\/span><span class=\"JsGRdQ\">z.B. Interview, Podiumsdiskussion oder &#8230; (falls es in das inhaltliche Konzept passt)<\/span><\/p>\n<p class=\"_04xlpA direction-ltr align-justify para-style-body\"><span class=\"JsGRdQ\">10. Kurzes Video zum Engagements des Sponsors<\/span><span class=\"JsGRdQ white-space-prewrap\"> <\/span><\/p>\n<p class=\"_04xlpA direction-ltr align-justify para-style-body\"><span class=\"JsGRdQ white-space-prewrap\"> <\/span><span class=\"JsGRdQ\">L\u00e4nge: 1-2 Minuten f\u00fcr soziale Medien oder Ihre Website<\/span><span class=\"JsGRdQ white-space-prewrap\"> <\/span><\/p>\n<p class=\"_04xlpA direction-ltr align-justify para-style-body\"><span class=\"JsGRdQ white-space-prewrap\"> <\/span><span class=\"JsGRdQ\">Beispiel_1 Video, das Produkte eines Sponsors (Druckerei) hervorhebt<\/span><span class=\"JsGRdQ white-space-prewrap\"> <\/span><\/p>\n<p class=\"_04xlpA direction-ltr align-justify para-style-body\"><span class=\"JsGRdQ white-space-prewrap\"> <\/span><span class=\"JsGRdQ\">https:\/\/www.facebook.com\/353362648409396\/videos\/450464918699168<\/span><\/p>\n<p class=\"_04xlpA direction-ltr align-justify para-style-body\"><span class=\"JsGRdQ white-space-prewrap\"> <\/span><span class=\"JsGRdQ\">Beispiel_2 Aftermovie &#8222;b** MATERial&#8220;: https:\/\/vimeo.com\/268598525<\/span><span class=\"JsGRdQ white-space-prewrap\"> <\/span><\/p>\n<p class=\"_04xlpA direction-ltr align-start para-style-body\"><span class=\"JsGRdQ white-space-prewrap\"> <\/span><span class=\"JsGRdQ\">(Disclaimer: Aufgrund des Themas dieser Ausstellung gibt es in diesem Video viel Nacktheit\/explizite<\/span><\/p>\n<p class=\"_04xlpA direction-ltr align-start para-style-body\"><span class=\"JsGRdQ white-space-prewrap\"> <\/span><span class=\"JsGRdQ\">Kunstinhalte zu sehen. Bei &#8222;Beyond Belief&#8220; w\u00e4re das nat\u00fcrlich anders).<\/span><\/p>\n<p class=\"_04xlpA direction-ltr align-justify para-style-body\"><span class=\"JsGRdQ white-space-prewrap\"> <\/span><\/p>\n<p class=\"_04xlpA direction-ltr align-justify para-style-body\"><span class=\"JsGRdQ white-space-prewrap\"> <\/span><span class=\"JsGRdQ\">Beispiel_3 Aftervideo &#8222;WonderWomen&#8220; Gruppenausstellung: https:\/\/vimeo.com\/311909942<\/span><\/p>\n<p class=\"_04xlpA direction-ltr align-justify para-style-body\"><span class=\"JsGRdQ\">11. Kuratorinnen Dinner in der Ausstellung<\/span><span class=\"JsGRdQ white-space-prewrap\"> <\/span><\/p>\n<p class=\"_04xlpA direction-ltr align-justify para-style-body\"><span class=\"JsGRdQ white-space-prewrap\"> <\/span><span class=\"JsGRdQ\">mit Anwesenheit einiger K\u00fcnstler:innen und spezielle F\u00fchrung durch die Kuratorin.<\/span><\/p>\n<p class=\"_04xlpA direction-ltr align-justify para-style-body\"><span class=\"JsGRdQ\">12. F\u00fcnf nummerierte Editionen oder Monografien<\/span><span class=\"JsGRdQ white-space-prewrap\"> <\/span><\/p>\n<p class=\"_04xlpA direction-ltr align-start para-style-body\"><span class=\"JsGRdQ white-space-prewrap\"> <\/span><span class=\"JsGRdQ\">W\u00e4hlen Sie Kunstwerke aus einer Auswahl, die von den K\u00fcnstlern der Ausstellung<\/span><\/p>\n<p class=\"_04xlpA direction-ltr align-start para-style-body\"><span class=\"JsGRdQ white-space-prewrap\"> <\/span><span class=\"JsGRdQ\">zur Verf\u00fcgung gestellt werden (siehe <\/span><a href=\"https:\/\/www.canva.com\/design\/DAEkogSicV8\/jJZHnmRl9o3jZOUEe5cBNQ\/view?utm_content=DAEkogSicV8&amp;utm_campaign=designshare&amp;utm_medium=link&amp;utm_source=publishpresent\" target=\"_blank\" draggable=\"false\" rel=\"noopener\" class=\"JsGRdQ\">PDF mit den verf\u00fcgbaren Werken<\/a><span class=\"JsGRdQ\">)<\/span><\/p>\n<p class=\"_04xlpA direction-ltr align-start para-style-body\"><span class=\"JsGRdQ\"><\/span><\/p>\n<h4 class=\"_04xlpA direction-ltr align-start para-style-body\"><span class=\"JsGRdQ\">Sponsor Benefits plus:<\/span><\/h4>\n<p class=\"_04xlpA direction-ltr align-justify para-style-body\"><span class=\"JsGRdQ\">13. Verl\u00e4ngerung der Ausstellung<\/span><\/p>\n<ul>\n<li><span class=\"JsGRdQ\">Die Ausstellung wird bis zum 12. Dezember 2021 verl\u00e4ngert.<\/span><\/li>\n<li><span class=\"JsGRdQ\">Mails und eine zweite Pressemitteilung werden verschickt, um anzuk\u00fcndigen, dass die Ausstellung aufgrund der freundlichen Unterst\u00fctzung durch unseren Sponsor verl\u00e4ngert wird.<\/span><span class=\"JsGRdQ white-space-prewrap\"> <\/span><\/li>\n<\/ul>\n<p class=\"_04xlpA direction-ltr align-justify para-style-body\"><span class=\"JsGRdQ\">14. Erm\u00f6glichung des p\u00e4dagogischen Vermittlungsprogramms<\/span><span class=\"JsGRdQ white-space-prewrap\"> <\/span><\/p>\n<ul>\n<li><span class=\"JsGRdQ\">Besonderer Hinweis, dass der Sponsor die p\u00e4dagogischen Workshop m\u00f6glich gemacht hat<\/span><\/li>\n<li><span class=\"JsGRdQ\">Hinweis auf der Webseite und in digitaler Kommunikation<\/span><\/li>\n<li><span class=\"JsGRdQ\">Pressemitteilung mit Hinweis auf Unterst\u00fctzung des Sponsors<\/span><span class=\"JsGRdQ white-space-prewrap\"> <\/span><\/li>\n<\/ul>\n<p class=\"_04xlpA direction-ltr align-justify para-style-body\"><span class=\"JsGRdQ\">15. Katalogdruck<\/span><span class=\"JsGRdQ white-space-prewrap\"> <\/span><\/p>\n<ul>\n<li><span class=\"JsGRdQ\">Absatz \u00fcber Sponsor im gedruckten und digitalen Katalog<\/span><\/li>\n<li><span class=\"JsGRdQ\">Hinweis in digitaler Kommunikation f\u00fcr Katalog<\/span><span class=\"JsGRdQ white-space-prewrap\"> <\/span><\/li>\n<\/ul>\n<p><span class=\"JsGRdQ white-space-prewrap\"><\/span><\/p>\n<h4><span class=\"JsGRdQ white-space-prewrap\"><span class=\"JsGRdQ\">Abschluss der Kulturpartnerschaft<\/span><\/span><\/h4>\n<p class=\"_04xlpA direction-ltr align-justify para-style-body\"><span class=\"JsGRdQ\">W\u00e4hlen Sie aus den oben genannten Sponsor Benefits die f\u00fcr Ihr Marketing optimale Kombination. Alle Formen der Sichtbarkeitkeit f\u00fcr Ihr Unternehmen sind frei kombinierbar. Wir machen Ihnen gern ein Angebot.<\/span><span class=\"JsGRdQ white-space-prewrap\"> <\/span><\/p>\n<p class=\"_04xlpA direction-ltr align-justify para-style-body\"><span class=\"JsGRdQ\">Wenn Sie eine andere Vorstellung davon haben, wie wir Sie pr\u00e4sentiert k\u00f6nnen, lassen Sie uns das gern wissen.<\/span><\/p>\n<p class=\"_04xlpA direction-ltr align-justify para-style-body\"><span class=\"JsGRdQ\">Die Abwicklung der Zahlung der Kulturpartnerschaft l\u00e4uft \u00fcber Hildebrand Projects.<\/span><\/p>\n<p>[\/et_pb_text][\/et_pb_column][\/et_pb_row][\/et_pb_section]<\/p>\n","protected":false},"excerpt":{"rendered":"<p>Sponsorbenefits Beyond Belief Je nach Invest kann eine erh\u00f6hte Sichtbarkeit gew\u00e4hrleistet werden. Auf Ihren Wunsch stellen wir ein Paket zusammen. M\u00f6gliche Leistungen f\u00fcr Ihre Firma: 1. Der Sponsor wird auf Drucksachen als unser Kulturpartner genannt: Logo auf Preislisten &amp; Informationen zu K\u00fcnstler:innen und Kunstwerke in der Ausstellung Logo auf Einladungskarten (Verteilung in Berlin und per [&hellip;]<\/p>\n","protected":false},"author":1,"featured_media":0,"parent":0,"menu_order":0,"comment_status":"closed","ping_status":"closed","template":"","meta":{"_et_pb_use_builder":"on","_et_pb_old_content":"<!-- wp:divi\/placeholder \/-->","_et_gb_content_width":"","footnotes":""},"class_list":["post-464","page","type-page","status-publish","hentry"],"yoast_head":"<!-- This site is optimized with the Yoast SEO plugin v27.3 - https:\/\/yoast.com\/product\/yoast-seo-wordpress\/ -->\n<title>Infos f\u00fcr Sponsoren - beyondbelief-art.com<\/title>\n<meta name=\"robots\" content=\"index, follow, max-snippet:-1, max-image-preview:large, max-video-preview:-1\" \/>\n<link rel=\"canonical\" href=\"https:\/\/beyondbelief-art.com\/en\/partnerinnen-2\/\" \/>\n<meta property=\"og:locale\" content=\"en_GB\" \/>\n<meta property=\"og:type\" content=\"article\" \/>\n<meta property=\"og:title\" content=\"Infos f\u00fcr Sponsoren - beyondbelief-art.com\" \/>\n<meta property=\"og:description\" content=\"Sponsorbenefits Beyond Belief Je nach Invest kann eine erh\u00f6hte Sichtbarkeit gew\u00e4hrleistet werden. Auf Ihren Wunsch stellen wir ein Paket zusammen. M\u00f6gliche Leistungen f\u00fcr Ihre Firma: 1. Der Sponsor wird auf Drucksachen als unser Kulturpartner genannt: Logo auf Preislisten &amp; Informationen zu K\u00fcnstler:innen und Kunstwerke in der Ausstellung Logo auf Einladungskarten (Verteilung in Berlin und per [&hellip;]\" \/>\n<meta property=\"og:url\" content=\"https:\/\/beyondbelief-art.com\/en\/partnerinnen-2\/\" \/>\n<meta property=\"og:site_name\" content=\"beyondbelief-art.com\" \/>\n<meta property=\"article:modified_time\" content=\"2021-08-30T08:50:02+00:00\" \/>\n<meta name=\"twitter:card\" content=\"summary_large_image\" \/>\n<meta name=\"twitter:label1\" content=\"Estimated reading time\" \/>\n\t<meta name=\"twitter:data1\" content=\"3 minutes\" \/>\n<script type=\"application\/ld+json\" class=\"yoast-schema-graph\">{\"@context\":\"https:\\\/\\\/schema.org\",\"@graph\":[{\"@type\":\"WebPage\",\"@id\":\"https:\\\/\\\/beyondbelief-art.com\\\/partnerinnen-2\\\/\",\"url\":\"https:\\\/\\\/beyondbelief-art.com\\\/partnerinnen-2\\\/\",\"name\":\"Infos f\u00fcr Sponsoren - beyondbelief-art.com\",\"isPartOf\":{\"@id\":\"https:\\\/\\\/beyondbelief-art.com\\\/#website\"},\"datePublished\":\"2021-08-10T08:33:41+00:00\",\"dateModified\":\"2021-08-30T08:50:02+00:00\",\"breadcrumb\":{\"@id\":\"https:\\\/\\\/beyondbelief-art.com\\\/partnerinnen-2\\\/#breadcrumb\"},\"inLanguage\":\"en-GB\",\"potentialAction\":[{\"@type\":\"ReadAction\",\"target\":[\"https:\\\/\\\/beyondbelief-art.com\\\/partnerinnen-2\\\/\"]}]},{\"@type\":\"BreadcrumbList\",\"@id\":\"https:\\\/\\\/beyondbelief-art.com\\\/partnerinnen-2\\\/#breadcrumb\",\"itemListElement\":[{\"@type\":\"ListItem\",\"position\":1,\"name\":\"Home\",\"item\":\"https:\\\/\\\/beyondbelief-art.com\\\/\"},{\"@type\":\"ListItem\",\"position\":2,\"name\":\"Infos f\u00fcr Sponsoren\"}]},{\"@type\":\"WebSite\",\"@id\":\"https:\\\/\\\/beyondbelief-art.com\\\/#website\",\"url\":\"https:\\\/\\\/beyondbelief-art.com\\\/\",\"name\":\"beyondbelief-art.com\",\"description\":\"Gruppenausstellung zum Thema Neue Spiritualit\u00e4t\",\"publisher\":{\"@id\":\"https:\\\/\\\/beyondbelief-art.com\\\/#organization\"},\"potentialAction\":[{\"@type\":\"SearchAction\",\"target\":{\"@type\":\"EntryPoint\",\"urlTemplate\":\"https:\\\/\\\/beyondbelief-art.com\\\/?s={search_term_string}\"},\"query-input\":{\"@type\":\"PropertyValueSpecification\",\"valueRequired\":true,\"valueName\":\"search_term_string\"}}],\"inLanguage\":\"en-GB\"},{\"@type\":\"Organization\",\"@id\":\"https:\\\/\\\/beyondbelief-art.com\\\/#organization\",\"name\":\"Beyond Belief\",\"url\":\"https:\\\/\\\/beyondbelief-art.com\\\/\",\"logo\":{\"@type\":\"ImageObject\",\"inLanguage\":\"en-GB\",\"@id\":\"https:\\\/\\\/beyondbelief-art.com\\\/#\\\/schema\\\/logo\\\/image\\\/\",\"url\":\"https:\\\/\\\/beyondbelief-art.com\\\/wp-content\\\/uploads\\\/2021\\\/08\\\/cropped-Beyond-Belief-1.png\",\"contentUrl\":\"https:\\\/\\\/beyondbelief-art.com\\\/wp-content\\\/uploads\\\/2021\\\/08\\\/cropped-Beyond-Belief-1.png\",\"width\":512,\"height\":512,\"caption\":\"Beyond Belief\"},\"image\":{\"@id\":\"https:\\\/\\\/beyondbelief-art.com\\\/#\\\/schema\\\/logo\\\/image\\\/\"},\"sameAs\":[\"https:\\\/\\\/www.instagram.com\\\/artist.evolver\\\/\"]}]}<\/script>\n<!-- \/ Yoast SEO plugin. -->","yoast_head_json":{"title":"Infos f\u00fcr Sponsoren - beyondbelief-art.com","robots":{"index":"index","follow":"follow","max-snippet":"max-snippet:-1","max-image-preview":"max-image-preview:large","max-video-preview":"max-video-preview:-1"},"canonical":"https:\/\/beyondbelief-art.com\/en\/partnerinnen-2\/","og_locale":"en_GB","og_type":"article","og_title":"Infos f\u00fcr Sponsoren - beyondbelief-art.com","og_description":"Sponsorbenefits Beyond Belief Je nach Invest kann eine erh\u00f6hte Sichtbarkeit gew\u00e4hrleistet werden. Auf Ihren Wunsch stellen wir ein Paket zusammen. M\u00f6gliche Leistungen f\u00fcr Ihre Firma: 1. Der Sponsor wird auf Drucksachen als unser Kulturpartner genannt: Logo auf Preislisten &amp; Informationen zu K\u00fcnstler:innen und Kunstwerke in der Ausstellung Logo auf Einladungskarten (Verteilung in Berlin und per [&hellip;]","og_url":"https:\/\/beyondbelief-art.com\/en\/partnerinnen-2\/","og_site_name":"beyondbelief-art.com","article_modified_time":"2021-08-30T08:50:02+00:00","twitter_card":"summary_large_image","twitter_misc":{"Estimated reading time":"3 minutes"},"schema":{"@context":"https:\/\/schema.org","@graph":[{"@type":"WebPage","@id":"https:\/\/beyondbelief-art.com\/partnerinnen-2\/","url":"https:\/\/beyondbelief-art.com\/partnerinnen-2\/","name":"Infos f\u00fcr Sponsoren - beyondbelief-art.com","isPartOf":{"@id":"https:\/\/beyondbelief-art.com\/#website"},"datePublished":"2021-08-10T08:33:41+00:00","dateModified":"2021-08-30T08:50:02+00:00","breadcrumb":{"@id":"https:\/\/beyondbelief-art.com\/partnerinnen-2\/#breadcrumb"},"inLanguage":"en-GB","potentialAction":[{"@type":"ReadAction","target":["https:\/\/beyondbelief-art.com\/partnerinnen-2\/"]}]},{"@type":"BreadcrumbList","@id":"https:\/\/beyondbelief-art.com\/partnerinnen-2\/#breadcrumb","itemListElement":[{"@type":"ListItem","position":1,"name":"Home","item":"https:\/\/beyondbelief-art.com\/"},{"@type":"ListItem","position":2,"name":"Infos f\u00fcr Sponsoren"}]},{"@type":"WebSite","@id":"https:\/\/beyondbelief-art.com\/#website","url":"https:\/\/beyondbelief-art.com\/","name":"beyondbelief-art.com","description":"Gruppenausstellung zum Thema Neue Spiritualit\u00e4t","publisher":{"@id":"https:\/\/beyondbelief-art.com\/#organization"},"potentialAction":[{"@type":"SearchAction","target":{"@type":"EntryPoint","urlTemplate":"https:\/\/beyondbelief-art.com\/?s={search_term_string}"},"query-input":{"@type":"PropertyValueSpecification","valueRequired":true,"valueName":"search_term_string"}}],"inLanguage":"en-GB"},{"@type":"Organization","@id":"https:\/\/beyondbelief-art.com\/#organization","name":"Beyond Belief","url":"https:\/\/beyondbelief-art.com\/","logo":{"@type":"ImageObject","inLanguage":"en-GB","@id":"https:\/\/beyondbelief-art.com\/#\/schema\/logo\/image\/","url":"https:\/\/beyondbelief-art.com\/wp-content\/uploads\/2021\/08\/cropped-Beyond-Belief-1.png","contentUrl":"https:\/\/beyondbelief-art.com\/wp-content\/uploads\/2021\/08\/cropped-Beyond-Belief-1.png","width":512,"height":512,"caption":"Beyond Belief"},"image":{"@id":"https:\/\/beyondbelief-art.com\/#\/schema\/logo\/image\/"},"sameAs":["https:\/\/www.instagram.com\/artist.evolver\/"]}]}},"_links":{"self":[{"href":"https:\/\/beyondbelief-art.com\/en\/wp-json\/wp\/v2\/pages\/464","targetHints":{"allow":["GET"]}}],"collection":[{"href":"https:\/\/beyondbelief-art.com\/en\/wp-json\/wp\/v2\/pages"}],"about":[{"href":"https:\/\/beyondbelief-art.com\/en\/wp-json\/wp\/v2\/types\/page"}],"author":[{"embeddable":true,"href":"https:\/\/beyondbelief-art.com\/en\/wp-json\/wp\/v2\/users\/1"}],"replies":[{"embeddable":true,"href":"https:\/\/beyondbelief-art.com\/en\/wp-json\/wp\/v2\/comments?post=464"}],"version-history":[{"count":4,"href":"https:\/\/beyondbelief-art.com\/en\/wp-json\/wp\/v2\/pages\/464\/revisions"}],"predecessor-version":[{"id":1188,"href":"https:\/\/beyondbelief-art.com\/en\/wp-json\/wp\/v2\/pages\/464\/revisions\/1188"}],"wp:attachment":[{"href":"https:\/\/beyondbelief-art.com\/en\/wp-json\/wp\/v2\/media?parent=464"}],"curies":[{"name":"wp","href":"https:\/\/api.w.org\/{rel}","templated":true}]}}